{"id":277733,"date":"2018-03-05T13:10:40","date_gmt":"2018-03-05T13:10:40","guid":{"rendered":"https:\/\/www.siamsun.asia\/?page_id=277733"},"modified":"2025-03-26T06:50:21","modified_gmt":"2025-03-26T06:50:21","slug":"homepage","status":"publish","type":"page","link":"https:\/\/www.siamsun.asia\/de\/","title":{"rendered":"Home"},"content":{"rendered":"<p>[vc_row full_width=&#8220;stretch_row&#8220; gap=&#8220;30&#8243; css=&#8220;.vc_custom_1552586126722{padding-top: 25px !important;padding-bottom: 20px !important;background-color: #ffffff !important;}&#8220;][vc_column]<div class=\"widget widget-sidebar \">\t\t\n\t\t<!-- Services iconic -->\n\t\t\t\t<div class=\"iconic\">\n\t\t\t\t\t<div class=\"wrapper\">\n\t\t\t\t<div class=\"row\">\n\t\t\t\t\t\t<!-- Item -->\n\t\t\t\t\t\t<div class=\"one-fourth\">\n\t\t\t\t\t\t\t\t\t\t\t\t\t\t\t<span class=\"circle\"><span class=\"icon material-icons\">filter_1<\/span><\/span>\n\t\t\t\t\t\t\t\t\t\t\t\t\t\t\t\t\t\t\t\t\t<h4>30 JAHRE ERFAHRUNG<\/h4>\n\t\t\t\t\t\t\t\t\t\t\t\t\t\t\t\t\t\t\t\t\t<div class=\"desc\">Siam Sun Tours Ltd. Part ist ein Reiseveranstalter geleitet von einem Thai\/Schweizer Management und lizenziert von der Tourist Authority of Thailand mit Sitz in Chiang Mai, der Metropole im Norden von Thailand.<\/div>\n\t\t\t\t\t\t\t\t\t\t\t\t\t<\/div>\n\t\t\t\t\t\t<!-- \/\/Item -->\n\t\t\t\t\t\t\t\t\t\t\t\t<!-- Item -->\n\t\t\t\t\t\t<div class=\"one-fourth\">\n\t\t\t\t\t\t\t\t\t\t\t\t\t\t\t<span class=\"circle\"><span class=\"icon material-icons\">filter_2<\/span><\/span>\n\t\t\t\t\t\t\t\t\t\t\t\t\t\t\t\t\t\t\t\t\t<h4>UNSER NETZWERK<\/h4>\n\t\t\t\t\t\t\t\t\t\t\t\t\t\t\t\t\t\t\t\t\t<div class=\"desc\">Mit unserem Network an zuverl\u00e4ssigen Partneragenturen bedienen wir Sie auch gerne in Bangkok\/ Zentral-Thailand, sowie in den Nachbarl\u00e4ndern Kambodscha, Laos, Vietnam und Indonesien.<\/div>\n\t\t\t\t\t\t\t\t\t\t\t\t\t<\/div>\n\t\t\t\t\t\t<!-- \/\/Item -->\n\t\t\t\t\t\t\t\t\t\t\t\t<!-- Item -->\n\t\t\t\t\t\t<div class=\"one-fourth\">\n\t\t\t\t\t\t\t\t\t\t\t\t\t\t\t<span class=\"circle\"><span class=\"icon material-icons\">filter_3<\/span><\/span>\n\t\t\t\t\t\t\t\t\t\t\t\t\t\t\t\t\t\t\t\t\t<h4>TOUR PACKAGES<\/h4>\n\t\t\t\t\t\t\t\t\t\t\t\t\t\t\t\t\t\t\t\t\t<div class=\"desc\">Nebst den Standart Tour Packages nehmen wir uns selbstverst\u00e4ndlich auch gerne die Zeit und stellen Ihnen ein massgeschneidertes Programm zusammen. Teilen Sie uns einfach Ihre Ideen und W\u00fcnsche mit!<\/div>\n\t\t\t\t\t\t\t\t\t\t\t\t\t<\/div>\n\t\t\t\t\t\t<!-- \/\/Item -->\n\t\t\t\t\t\t\t\t\t\t\t\t<!-- Item -->\n\t\t\t\t\t\t<div class=\"one-fourth\">\n\t\t\t\t\t\t\t\t\t\t\t\t\t\t\t<span class=\"circle\"><span class=\"icon material-icons\">filter_4<\/span><\/span>\n\t\t\t\t\t\t\t\t\t\t\t\t\t\t\t\t\t\t\t\t\t<h4>HOTELS\/FL\u00dcGE\/AUTOMIETEN<\/h4>\n\t\t\t\t\t\t\t\t\t\t\t\t\t\t\t\t\t\t\t\t\t<div class=\"desc\">Sowohl hier in Thailand &amp; S\u00fcdostasien, aber auch weltweit k\u00f6nnen Sie Ihr gew\u00fcnschtes Hotel, die billigsten Fl\u00fcge oder ein Mietauto buchen. Klicken Sie weiter unten auf unser Reservierungsportal!<\/div>\n\t\t\t\t\t\t\t\t\t\t\t\t\t<\/div>\n\t\t\t\t\t\t<!-- \/\/Item -->\n\t\t\t\t\t\t\t\t\t\t\n\t\t\t\t<\/div>\n\t\t\t<\/div>\n\t\t<\/div>\n\t\t<!-- \/\/Services iconic -->\n\n\t\t<\/div>[\/vc_column][\/vc_row][vc_row equal_height=&#8220;yes&#8220; content_placement=&#8220;middle&#8220; css=&#8220;.vc_custom_1614922486355{padding-top: 20px !important;padding-bottom: 20px !important;}&#8220;][vc_column][vc_column_text]<\/p>\n<h1><img decoding=\"async\" loading=\"lazy\" class=\"alignright size-full wp-image-277655\" src=\"https:\/\/www.siamsun.asia\/wp-content\/uploads\/2021\/03\/30-Years.png\" alt=\"\" width=\"150\" height=\"130\" \/>Unsere Touren und Rundreisen in Thailand und den Nachbarl\u00e4ndern<\/h1>\n<p>Wir offerieren eine breite Palette an Touren und Rundreisen hier bei uns in Nordthailand und dank unseres Netzwerk aus zuverl\u00e4ssigen und befreundeten Partneragenturen k\u00f6nnen wir Sie auch in Bangkok &amp; Zentralthailand sowie in unseren Nachbarl\u00e4ndern Kambodscha, Laos, Vietnam und Indonesien ganz individuell und ma\u00dfgeschneidert bedienen.[\/vc_column_text][vc_row_inner][vc_column_inner width=&#8220;1\/3&#8243;][vc_column_text]<strong>TOUREN &amp; RUNDREISEN IN NORDTHAILAND<\/strong><\/p>\n<ul>\n<li><a href=\"https:\/\/www.siamsun.asia\/de\/tour-tag\/thailand-klassische-touren\/\">Klassische Nordthailand Rundreisen<\/a><\/li>\n<li><a href=\"https:\/\/www.siamsun.asia\/de\/tour-tag\/kurze-touren-nordthailand\/\">Kurztouren in Nordthailand (2-3 Tage)<\/a><\/li>\n<li><a href=\"https:\/\/www.siamsun.asia\/de\/tour-tag\/nordthailand-abenteuertouren\/\">Trekking und Soft Adventure Touren<\/a><\/li>\n<li><a href=\"https:\/\/www.siamsun.asia\/de\/tour-tag\/chiang-mai-freizeitausfluege\/\">Tagesausfl\u00fcge ab Chiang Mai<\/a><\/li>\n<\/ul>\n<p>[\/vc_column_text][\/vc_column_inner][vc_column_inner width=&#8220;1\/3&#8243;][vc_column_text]<strong>TOUREN BANGKOK &amp; ZENTRALTHAILAND<\/strong><\/p>\n<ul>\n<li><a href=\"https:\/\/www.siamsun.asia\/de\/tour-tag\/zentralthailand\/\">Klassische Tourprogramme und Rundreisen<\/a><\/li>\n<li><a href=\"https:\/\/www.siamsun.asia\/de\/tour-tag\/bangkok-eintaegige-ausfluege\/\">Tagesausfl\u00fcge ab Bangkok<\/a><\/li>\n<li><a href=\"https:\/\/www.siamsun.asia\/de\/tour-tag\/bangkok-halbtagesausfluege\/\">Halbtagesausfl\u00fcge ab Bangkok<\/a><\/li>\n<\/ul>\n<p>[\/vc_column_text][\/vc_column_inner][vc_column_inner width=&#8220;1\/3&#8243;][vc_column_text]<strong>RUNDREISEN IN DEN NACHBARL\u00c4NDERN<\/strong><\/p>\n<ul>\n<li><a href=\"https:\/\/www.siamsun.asia\/de\/kambodscha-tour-packages\/\">Rundreisen in Kambodscha<\/a><\/li>\n<li><a href=\"https:\/\/www.siamsun.asia\/de\/laos-tour-packages\/\">Rundreisen in Laos<\/a><\/li>\n<li><a href=\"https:\/\/www.siamsun.asia\/de\/vietnam-tour-packsges\/\">Rundreisen in Vietnam<\/a><\/li>\n<\/ul>\n<p>[\/vc_column_text][\/vc_column_inner][\/vc_row_inner][\/vc_column][\/vc_row][vc_row equal_height=&#8220;yes&#8220; content_placement=&#8220;middle&#8220; css=&#8220;.vc_custom_1614906585406{padding-top: 40px !important;padding-bottom: 20px !important;background-color: #ffffff !important;}&#8220;][vc_column css=&#8220;.vc_custom_1654036183067{margin-top: 0px !important;border-top-width: 0px !important;}&#8220;][vc_column_text]<\/p>\n<h1>Top Reiseziele<\/h1>\n<p>[\/vc_column_text]<div class=\"widget widget-sidebar \"><div class=\"s-title\"><h2><\/h2><\/div><div class=\"destinations \"><div class=\"row\"><article class=\"location_item one-half\"><div><a href=\"https:\/\/www.siamsun.asia\/de\/location\/kambodscha\/\" title=\"Kambodscha\"><figure><img width=\"400\" height=\"300\" src=\"https:\/\/www.siamsun.asia\/wp-content\/uploads\/2021\/03\/LocCAM-400x300.jpg\" class=\"attachment-thumbnail size-thumbnail wp-post-image\" alt=\"\" decoding=\"async\" loading=\"lazy\" title=\"LocCAM\" \/><\/figure><\/a><div class=\"details hide-actions hide-description hide-counts hide-ribbon \"><div class='item-header'><h3><a href=\"https:\/\/www.siamsun.asia\/de\/location\/kambodscha\/\" title=\"Kambodscha\">Kambodscha<\/a><\/h3><\/div><\/div><!--\/\/details--><a href=\"https:\/\/www.siamsun.asia\/de\/location\/kambodscha\/\" class=\"overlay-link\"><\/a><\/div><\/article><!--\/\/location_item--><article class=\"location_item one-half\"><div><a href=\"https:\/\/www.siamsun.asia\/de\/location\/laos\/\" title=\"Laos\"><figure><img width=\"400\" height=\"300\" src=\"https:\/\/www.siamsun.asia\/wp-content\/uploads\/2021\/03\/LocLAO-400x300.jpg\" class=\"attachment-thumbnail size-thumbnail wp-post-image\" alt=\"\" decoding=\"async\" loading=\"lazy\" title=\"LocLAO\" \/><\/figure><\/a><div class=\"details hide-actions hide-description hide-counts hide-ribbon \"><div class='item-header'><h3><a href=\"https:\/\/www.siamsun.asia\/de\/location\/laos\/\" title=\"Laos\">Laos<\/a><\/h3><\/div><\/div><!--\/\/details--><a href=\"https:\/\/www.siamsun.asia\/de\/location\/laos\/\" class=\"overlay-link\"><\/a><\/div><\/article><!--\/\/location_item--><article class=\"location_item one-half\"><div><a href=\"https:\/\/www.siamsun.asia\/de\/location\/thailand\/\" title=\"Thailand\"><figure><img width=\"400\" height=\"300\" src=\"https:\/\/www.siamsun.asia\/wp-content\/uploads\/2020\/12\/LocTHA-3-400x300.jpg\" class=\"attachment-thumbnail size-thumbnail wp-post-image\" alt=\"\" decoding=\"async\" loading=\"lazy\" title=\"LocTHA\" \/><\/figure><\/a><div class=\"details hide-actions hide-description hide-counts hide-ribbon \"><div class='item-header'><h3><a href=\"https:\/\/www.siamsun.asia\/de\/location\/thailand\/\" title=\"Thailand\">Thailand<\/a><\/h3><\/div><\/div><!--\/\/details--><a href=\"https:\/\/www.siamsun.asia\/de\/location\/thailand\/\" class=\"overlay-link\"><\/a><\/div><\/article><!--\/\/location_item--><article class=\"location_item one-half\"><div><a href=\"https:\/\/www.siamsun.asia\/de\/location\/vietnam\/\" title=\"Vietnam\"><figure><img width=\"400\" height=\"300\" src=\"https:\/\/www.siamsun.asia\/wp-content\/uploads\/2021\/02\/LocVIE-1-400x300.jpg\" class=\"attachment-thumbnail size-thumbnail wp-post-image\" alt=\"\" decoding=\"async\" loading=\"lazy\" title=\"LocVIE\" \/><\/figure><\/a><div class=\"details hide-actions hide-description hide-counts hide-ribbon \"><div class='item-header'><h3><a href=\"https:\/\/www.siamsun.asia\/de\/location\/vietnam\/\" title=\"Vietnam\">Vietnam<\/a><\/h3><\/div><\/div><!--\/\/details--><a href=\"https:\/\/www.siamsun.asia\/de\/location\/vietnam\/\" class=\"overlay-link\"><\/a><\/div><\/article><!--\/\/location_item--><\/div><!--row--><\/div><!--deals--><\/div>[\/vc_column][\/vc_row]<\/p>\n","protected":false},"excerpt":{"rendered":"<p>[vc_row full_width=&#8220;stretch_row&#8220; gap=&#8220;30&#8243; css=&#8220;.vc_custom_1552586126722{padding-top: 25px !important;padding-bottom: 20px !important;background-color: #ffffff !important;}&#8220;][vc_column][\/vc_column][\/vc_row][vc_row equal_height=&#8220;yes&#8220; content_placement=&#8220;middle&#8220; css=&#8220;.vc_custom_1614922486355{padding-top: 20px !important;padding-bottom: 20px !important;}&#8220;][vc_column][vc_column_text] Unsere Touren und Rundreisen in Thailand und den Nachbarl\u00e4ndern Wir offerieren eine breite Palette an Touren und Rundreisen hier bei uns in Nordthailand und dank unseres Netzwerk aus zuverl\u00e4ssigen und befreundeten Partneragenturen k\u00f6nnen wir Sie auch in Bangkok [&hellip;]<\/p>\n","protected":false},"author":1,"featured_media":0,"parent":0,"menu_order":0,"comment_status":"closed","ping_status":"closed","template":"byt_home.php","meta":[],"_links":{"self":[{"href":"https:\/\/www.siamsun.asia\/de\/wp-json\/wp\/v2\/pages\/277733"}],"collection":[{"href":"https:\/\/www.siamsun.asia\/de\/wp-json\/wp\/v2\/pages"}],"about":[{"href":"https:\/\/www.siamsun.asia\/de\/wp-json\/wp\/v2\/types\/page"}],"author":[{"embeddable":true,"href":"https:\/\/www.siamsun.asia\/de\/wp-json\/wp\/v2\/users\/1"}],"replies":[{"embeddable":true,"href":"https:\/\/www.siamsun.asia\/de\/wp-json\/wp\/v2\/comments?post=277733"}],"version-history":[{"count":0,"href":"https:\/\/www.siamsun.asia\/de\/wp-json\/wp\/v2\/pages\/277733\/revisions"}],"wp:attachment":[{"href":"https:\/\/www.siamsun.asia\/de\/wp-json\/wp\/v2\/media?parent=277733"}],"curies":[{"name":"wp","href":"https:\/\/api.w.org\/{rel}","templated":true}]}}