{"id":278037,"date":"2021-03-01T10:19:10","date_gmt":"2021-03-01T10:19:10","guid":{"rendered":"https:\/\/www.siamsun.asia\/?page_id=278037"},"modified":"2024-08-08T12:49:12","modified_gmt":"2024-08-08T12:49:12","slug":"tour-package-bangkok-zentralthailand","status":"publish","type":"page","link":"https:\/\/www.siamsun.asia\/de\/tour-package-bangkok-zentralthailand\/","title":{"rendered":"Touren in Bangkok &#038; Zentralthailand"},"content":{"rendered":"<h1 class=\"entry-title\">Mehrt\u00e4gige Tour Packages ab Bangkok<\/h1>\n<div class=\"deals\">\n<div class=\"row\">\n<article class=\"tour_item one-third \" data-tour-id=\"277993\">\n<div>\n<p>&nbsp;<\/p>\n<figure>\n<div class=\"promo-ribbon \">ab Bangkok<\/div>\n<p><img decoding=\"async\" loading=\"lazy\" class=\"attachment-thumbnail size-thumbnail wp-post-image\" title=\"BKK451RiverKwaiJungleRafts\" src=\"https:\/\/www.siamsun.asia\/wp-content\/uploads\/2021\/02\/BKK451RiverKwaiJungleRafts-400x300.jpg\" alt=\"\" width=\"400\" height=\"300\" \/><\/figure>\n<div class=\"details hide-actions hide-description hide-price \">\n<div class=\"item-header\">\n<h4><a title=\"River Kwai Jungle Rafts #BKK451\" href=\"https:\/\/www.siamsun.asia\/de\/tour\/river-kwai-jungle-rafts-bkk451\/\">River Kwai Jungle Rafts <\/a><\/h4>\n<p><span class=\"address\"><br \/>\nab\/bis Bangkok 3 Tage\/2 N\u00e4chte &#8211; Dieses dreit\u00e4gige Package gibt tolle Eindr\u00fccke vom River Kwai in der Provinz Kanchanaburi, westlich der Hauptstadt Bangkok gelegen. Ein romantisches Dschungelerlebnis mit \u00dcbernachtungen in komfortablen und idylisch gelegenen Hausbooten auf dem Fluss inmitten der Wildnis. Nebst der geschichtstr\u00e4chtigen Br\u00fccke am Kwai stehen abwechslungsreiche Aktivit\u00e4ten auf dem Programm, u. a. Bootsfahrten, aber auch eine spektakul\u00e4re Bahnfahrt \u00fcber die h\u00f6lzernen Viadukte entlang atemberaubender Flusslandschaften.<br \/>\n<a href=\"https:\/\/www.siamsun.asia\/de\/tour\/river-kwai-jungle-rafts-bkk451\/\"><strong>Hier klicken zur Tourbeschreibung<\/strong><\/a><\/span><\/p>\n<p><strong>(Tourcode #BKK451)<\/strong><\/p>\n<\/div>\n<\/div>\n<p><!--\/\/details--><\/p>\n<\/div>\n<\/article>\n<p><!--\/\/tour_item--><\/p>\n<article class=\"tour_item one-third \" data-tour-id=\"277992\">\n<div>\n<p>&nbsp;<\/p>\n<figure>\n<div class=\"promo-ribbon \">ab Bangkok<\/div>\n<p><img decoding=\"async\" loading=\"lazy\" class=\"attachment-thumbnail size-thumbnail wp-post-image\" title=\"BKK452DiscoverKanchanaburi\" src=\"https:\/\/www.siamsun.asia\/wp-content\/uploads\/2021\/02\/BKK452DiscoverKanchanaburi-400x300.jpg\" alt=\"\" width=\"400\" height=\"300\" \/><\/figure>\n<div class=\"details hide-actions hide-description hide-price \">\n<div class=\"item-header\">\n<h4><a title=\"Kanchanaburi entdecken #BKK452\" href=\"https:\/\/www.siamsun.asia\/de\/tour\/kanchanaburi-entdecken-bkk452\/\">Kanchanaburi entdecken <\/a><\/h4>\n<p><span class=\"address\"><br \/>\nab\/bis Bangkok 6 Tage\/5 N\u00e4chte &#8211; Diese Rundreise f\u00fchrt durch die Provinz Kanchanaburi bis in den \u00e4ussersten Westen von Thailand ins Grenzgebiet zu Myanmar. Besonders auf ihre Kosten kommen hier Naturliebhaber dank den Dschungelgebieten mit malerischen Fl\u00fcssen und Wasserf\u00e4llen. Auch Siedlungen von ethnischen Minderheiten der Karen und Mon k\u00f6nnen besucht werden. Ein H\u00f6hepunkt ist das St\u00e4dtchen Sankhlaburi mit seiner bezaubernden Lage am Khao Laem Stausee unweit der Grenze zu Myanmar (Burma) und seiner 800 Meter langen Holzbr\u00fccke \u00fcber den See zum Dorf der Mon.<br \/>\n<a href=\"https:\/\/www.siamsun.asia\/de\/tour\/kanchanaburi-entdecken-bkk452\/\"><strong>Hier klicken zur Tourbeschreibung<\/strong><\/a><\/span><\/p>\n<p><strong>(Tourcode #BKK452)<\/strong><\/p>\n<\/div>\n<\/div>\n<p><!--\/\/details--><\/p>\n<\/div>\n<\/article>\n<p><!--\/\/tour_item--><\/p>\n<article class=\"tour_item one-third \" data-tour-id=\"277991\">\n<div>\n<p>&nbsp;<\/p>\n<figure>\n<div class=\"promo-ribbon \">ab Bangkok<\/div>\n<p><img decoding=\"async\" loading=\"lazy\" class=\"attachment-thumbnail size-thumbnail wp-post-image\" title=\"BKK453KhaoYaiExplorer\" src=\"https:\/\/www.siamsun.asia\/wp-content\/uploads\/2021\/02\/BKK453KhaoYaiExplorer-400x300.jpg\" alt=\"\" width=\"400\" height=\"300\" \/><\/figure>\n<div class=\"details hide-actions hide-description hide-price \">\n<div class=\"item-header\">\n<h4><a title=\"Khao Yai Nationalpark Explorer #BKK453\" href=\"https:\/\/www.siamsun.asia\/de\/tour\/khao-yai-nationalpark-explorer-bkk453\/\">Khao Yai Entdeckertour<\/a><\/h4>\n<p><span class=\"address\"><br \/>\nab\/bis Bangkok 3 Tage\/2 N\u00e4chte &#8211; 3-Tagestour nach Khao Yai dem zweitgr\u00f6ssten Nationalpark von Thailand und ca. 140 km nord\u00f6stlich von Bangkok auf 400-1000 Meter H\u00f6he gelegen. Nicht nur Naturliebhaber werden hier begeistert sein. Der gr\u00f6sste Teil vom Park ist mit tropischem Wald bedeckt. Auf Expeditionen k\u00f6nnen Makkaken, Gibbons, Hornv\u00f6gel, Wildschweine, Schwarzb\u00e4ren, bunte V\u00f6gel und mit etwas Gl\u00fcck auch Elefanten gesichtet werden. Unglaublich sch\u00f6n ist auch die Pflanzenpracht mit Urwaldb\u00e4umen, Orchideen und vielem mehr.<br \/>\n<a href=\"https:\/\/www.siamsun.asia\/de\/tour\/khao-yai-nationalpark-explorer-bkk453\/\"><strong>Hier klicken zur Tourbeschreibung<\/strong><\/a><\/span><\/p>\n<p><strong>(Tourcode #BKK453)<\/strong><\/p>\n<\/div>\n<\/div>\n<p><!--\/\/details--><\/p>\n<\/div>\n<\/article>\n<p><!--\/\/tour_item--><\/p>\n<\/div>\n<\/div>\n<h1 class=\"entry-title\">Tagesausfl\u00fcge ab Bangkok<\/h1>\n<div class=\"deals\">\n<div class=\"row\">\n<article class=\"tour_item one-third \" data-tour-id=\"277995\">\n<div>\n<p>&nbsp;<\/p>\n<figure>\n<div class=\"promo-ribbon \">ab Bangkok<\/div>\n<p><img decoding=\"async\" loading=\"lazy\" class=\"attachment-thumbnail size-thumbnail wp-post-image\" title=\"BKK401BangkokDiscovery\" src=\"https:\/\/www.siamsun.asia\/wp-content\/uploads\/2021\/02\/BKK401BangkokDiscovery-400x300.jpg\" alt=\"\" width=\"400\" height=\"300\" \/><\/figure>\n<div class=\"details hide-actions hide-description hide-price \">\n<div class=\"item-header\">\n<h5><a title=\"Bangkok Discovery Tour #BKK401\" href=\"https:\/\/www.siamsun.asia\/de\/tour\/bangkok-discovery-tour-bkk401\/\">Bangkok entdecken<\/a><\/h5>\n<p><span class=\"address\"><br \/>\nab\/bis Bangkok &#8211; Eine gef\u00fchrte Ganztagestour in der Hauptstadt von Thailand mit den wichtigsten Attraktionen und Sehensw\u00fcrdigkeiten. Viele faszinierende Erlebnisse in Bangkok warten darauf von Ihnen erkundet zu werden. Erleben Sie kunstvolle Schreine und ein pulsierendes Strassenleben, den mit Booten gef\u00fcllten Chao Phraya River, das k\u00f6nigliche Viertel Rattanakosin mit dem opulenten Grand Palace und dem heiligen Wat Phra Kaew Tempel.<br \/>\n<a href=\"https:\/\/www.siamsun.asia\/de\/tour\/bangkok-discovery-tour-bkk401\/\"><strong>Hier klicken zur Tourbeschreibung<\/strong><\/a><\/span><\/p>\n<p><strong>(Tourcode #BKK401)<\/strong><\/p>\n<\/div>\n<\/div>\n<p><!--\/\/details--><\/p>\n<\/div>\n<\/article>\n<p><!--\/\/tour_item--><\/p>\n<article class=\"tour_item one-third \" data-tour-id=\"277990\">\n<div>\n<p>&nbsp;<\/p>\n<figure>\n<div class=\"promo-ribbon \">ab Bangkok<\/div>\n<p><img decoding=\"async\" loading=\"lazy\" class=\"attachment-thumbnail size-thumbnail wp-post-image\" title=\"Wat Chai Watthanaram\" src=\"https:\/\/www.siamsun.asia\/wp-content\/uploads\/2021\/03\/BKK402AyutthayaBangpaIn-400x300.jpg\" alt=\"\" width=\"400\" height=\"300\" \/><\/figure>\n<div class=\"details hide-actions hide-description hide-price \">\n<div class=\"item-header\">\n<h4><a title=\"Bang Pa-In &amp; Ayutthaya #BKK402\" href=\"https:\/\/www.siamsun.asia\/de\/tour\/bang-pa-in-ayutthaya-bkk402\/\">Bang Pa-In und Ayutthaya <\/a><\/h4>\n<p><span class=\"address\"><br \/>\nab\/bis Bangkok &#8211; Tagesausflug nach Ayutthaya und Bang Pa-In, ca. 70 km n\u00f6rdlich von Bangkok. Die Ruinen aus der ehemaligen Hauptstadt bilden den Ayutthaya Historical Park, welcher auf einer Insel zwischen drei Fl\u00fcssen liegt und Pal\u00e4ste, buddhistische Tempel, Kl\u00f6ster, sowie Statuen enth\u00e4lt. Der Bang Pa-In K\u00f6nigspalast (bekannt auch als Sommerpalast) ist ein Palastkomplex am Chao Phraya Fluss, der fr\u00fcher von thail\u00e4ndischen K\u00f6nigen genutzt wurde.<br \/>\n<a href=\"https:\/\/www.siamsun.asia\/de\/tour\/bang-pa-in-ayutthaya-bkk402\/\"><strong>Hier klicken zur Tourbeschreibung<\/strong><\/a><\/span><\/p>\n<p><strong>(Tourcode #BKK402)<\/strong><\/p>\n<\/div>\n<\/div>\n<p><!--\/\/details--><\/p>\n<\/div>\n<\/article>\n<p><!--\/\/tour_item--><\/p>\n<article class=\"tour_item one-third \" data-tour-id=\"277988\">\n<div>\n<p>&nbsp;<\/p>\n<figure>\n<div class=\"promo-ribbon \">ab Bangkok<\/div>\n<p><img decoding=\"async\" loading=\"lazy\" class=\"attachment-thumbnail size-thumbnail wp-post-image\" title=\"Home,River,Side,At,Klong,Kone,(klong,Klon),The,Famous\" src=\"https:\/\/www.siamsun.asia\/wp-content\/uploads\/2021\/03\/BKK404MarketsMangrove-400x300.jpg\" alt=\"\" width=\"400\" height=\"300\" \/><\/figure>\n<div class=\"details hide-actions hide-description hide-price \">\n<div class=\"item-header\">\n<h4><a title=\"Zum Mangrovensumpf via Schwimmendem Markt &amp; Zugmarkt #BKK404\" href=\"https:\/\/www.siamsun.asia\/de\/tour\/zum-mangrovensumpf-via-schwimmendem-markt-zugmarkt-bkk404\/\">Bunte M\u00e4rkte &amp; Mangrovenwald<\/a><\/h4>\n<p><span class=\"address\"><br \/>\nab\/bis Bangkok &#8211; Erleben Sie den einzigartigen Schwimmenden Markt hautnah auf einem Ruderboot und tauchen ein in die bunte Atmosph\u00e4re. Talad Rom Hub, bekannt unter dem Namen \u201cTrain Market\u201d wird Ihnen mit Sicherheit lange in Erinnerung bleiben. Klong Klone, ein Dorf am Meer, ist bekannt f\u00fcr seine Muschelsucher, Austernfarmen und Mangrovens\u00fcmpfe mit Affen. Abgerundet wird die Tagestour beim Besuch auf dem farbenfrohen Seafood Markt Don Hoi Lodh.<br \/>\n<a href=\"https:\/\/www.siamsun.asia\/de\/tour\/zum-mangrovensumpf-via-schwimmendem-markt-zugmarkt-bkk404\/\"><strong>Hier klicken zur Tourbeschreibung<\/strong><\/a><\/span><\/p>\n<p><strong>(Tourcode #BKK404)<\/strong><\/p>\n<\/div>\n<\/div>\n<p><!--\/\/details--><\/p>\n<\/div>\n<\/article>\n<p><!--\/\/tour_item--><\/p>\n<article class=\"tour_item one-third \" data-tour-id=\"277982\">\n<div>\n<p>&nbsp;<\/p>\n<figure>\n<div class=\"promo-ribbon \">ab Bangkok<\/div>\n<p><img decoding=\"async\" loading=\"lazy\" class=\"attachment-thumbnail size-thumbnail wp-post-image\" title=\"BKK405FloatingMarket\" src=\"https:\/\/www.siamsun.asia\/wp-content\/uploads\/2021\/02\/BKK405FloatingMarket-400x300.jpg\" alt=\"\" width=\"400\" height=\"300\" \/><\/figure>\n<div class=\"details hide-actions hide-description hide-price \">\n<div class=\"item-header\">\n<h4><a title=\"Schwimmender Markt &amp; Kanchanaburi #BKK405\" href=\"https:\/\/www.siamsun.asia\/de\/tour\/schwimmender-markt-kanchanaburi-bkk405\/\">Floating Market &amp; Kanchanaburi<\/a><\/h4>\n<p><span class=\"address\"><br \/>\nab\/bis Bangkok &#8211; Tagestour in die Provinzen Ratchaburi und Kanchanaburi, westlich von Bangkok. Erleben Sie den bekannten schwimmenden Markt von Damnoen Saduak. Beobachten Sie den quirligen Handel mit Obst und Gem\u00fcse in den Kanaelen. Sp\u00e4ter in Kanchanaburi besuchen Sie historische Sehensw\u00fcrdigkeiten, wie z. B. die ber\u00fchmte Br\u00fccke \u00fcber den Kwai River und geniessen eine landschaftlich tolle Fahrt mit der sogenannten Todeseisenbahn.<br \/>\n<a href=\"https:\/\/www.siamsun.asia\/de\/tour\/schwimmender-markt-kanchanaburi-bkk405\/\"><strong>Hier klicken zur Tourbeschreibung<\/strong><\/a><\/span><\/p>\n<p><strong>(Tourcode #BKK405)<\/strong><\/p>\n<\/div>\n<\/div>\n<p><!--\/\/details--><\/p>\n<\/div>\n<\/article>\n<p><!--\/\/tour_item--><\/p>\n<article class=\"tour_item one-third \" data-tour-id=\"277987\">\n<div>\n<p>&nbsp;<\/p>\n<figure>\n<div class=\"promo-ribbon \">ab Bangkok<\/div>\n<p><img decoding=\"async\" loading=\"lazy\" class=\"attachment-thumbnail size-thumbnail wp-post-image\" title=\"BKK406DeathRailway\" src=\"https:\/\/www.siamsun.asia\/wp-content\/uploads\/2021\/03\/BKK406DeathRailway-400x300.jpg\" alt=\"\" width=\"400\" height=\"300\" \/><\/figure>\n<div class=\"details hide-actions hide-description hide-price \">\n<div class=\"item-header\">\n<h4><a title=\"River Kwai &amp; Death Railway #BKK406\" href=\"https:\/\/www.siamsun.asia\/de\/tour\/river-kwai-death-railway-bkk406\/\">River Kwai &amp; Death Railway<\/a><\/h4>\n<p><span class=\"address\"><br \/>\nab\/bis Bangkok &#8211; Eine aufregende Tagestour in die Provinz Kanchanaburi, westlich von der Hauptsatdt Bangkok. Der Fokus liegt auf der Thai-Burma Railway, besser bekannt als die Todeseisenbahn. Sie werden eine Fahrt mit einem alten, antiken Zug erleben, \u00fcberqueren dabei die h\u00f6lzerne Viadukte entlang des Kwai Rivers mit atemberaubender Landschaft. Ausserdem besuchen Sie andere interessante historische St\u00e4tten, wie die ber\u00fchmte Br\u00fccke \u00fcber den Kwai River.<br \/>\n<a href=\"https:\/\/www.siamsun.asia\/de\/tour\/river-kwai-death-railway-bkk406\/\"><strong>Hier klicken zur Tourbeschreibung<\/strong><\/a><\/span><\/p>\n<p><strong>(Tourcode #BKK406)<\/strong><\/p>\n<\/div>\n<\/div>\n<p><!--\/\/details--><\/p>\n<\/div>\n<\/article>\n<p><!--\/\/tour_item--><\/p>\n<article class=\"tour_item one-third \" data-tour-id=\"277986\">\n<div>\n<p>&nbsp;<\/p>\n<figure>\n<div class=\"promo-ribbon \">ab Bangkok<\/div>\n<p><img decoding=\"async\" loading=\"lazy\" class=\"attachment-thumbnail size-thumbnail wp-post-image\" title=\"BKK407KhaoYai\" src=\"https:\/\/www.siamsun.asia\/wp-content\/uploads\/2021\/02\/BKK407KhaoYai-400x300.jpg\" alt=\"\" width=\"400\" height=\"300\" \/><\/figure>\n<div class=\"details hide-actions hide-description hide-price \">\n<div class=\"item-header\">\n<h4><a title=\"Khao Yai Nationalpark Tour #BKK407\" href=\"https:\/\/www.siamsun.asia\/de\/tour\/khao-yai-nationalpark-tour-bkk407\/\">Khao Yai Schnuppertour<\/a><\/h4>\n<p><span class=\"address\"><br \/>\nab\/bis Bangkok &#8211;\u00a0 Unternehmen Sie einen Tagesausflug von Bangkok zum Khao Yai National Park, einem UNESCO-Weltkulturerbe, ca. 160 km nord\u00f6stlich von der Hauptstadt. Erleben Sie die Sch\u00f6nheit des thail\u00e4ndischen Dschungels. Der Park erstreckt sich \u00fcber ein Gebiet in 4 Provinzen. Diese Tagestour beinhaltet u. a. Wanderungen im Dschungel und Besichtigung von malerischen Wasserf\u00e4llen. Eine Mischung aus Tierbeobachtung und atemberaubenden Landschaften.<br \/>\n<a href=\"https:\/\/www.siamsun.asia\/de\/tour\/khao-yai-nationalpark-tour-bkk407\/\"><strong>Hier klicken zur Tourbeschreibung<\/strong><\/a><\/span><\/p>\n<p><strong>(Tourcode #BKK407)<\/strong><\/p>\n<\/div>\n<\/div>\n<p><!--\/\/details--><\/p>\n<\/div>\n<\/article>\n<p><!--\/\/tour_item--><\/p>\n<\/div>\n<\/div>\n<h1 class=\"entry-title\">Halbtagesausfl\u00fcge ab Bangkok<\/h1>\n<div class=\"deals\">\n<div class=\"row\">\n<article class=\"tour_item one-third \" data-tour-id=\"277980\">\n<div>\n<p>&nbsp;<\/p>\n<figure>\n<div class=\"promo-ribbon \">ab Bangkok<\/div>\n<p><img decoding=\"async\" loading=\"lazy\" class=\"attachment-thumbnail size-thumbnail wp-post-image\" title=\"BKK421GrandPalace\" src=\"https:\/\/www.siamsun.asia\/wp-content\/uploads\/2021\/02\/BKK421GrandPalace-400x300.jpg\" alt=\"\" width=\"400\" height=\"300\" \/><\/figure>\n<div class=\"details hide-actions hide-description hide-price \">\n<div class=\"item-header\">\n<h4><a title=\"Grand Palace &amp; Wat Phra Keo Tour #BKK421\" href=\"https:\/\/www.siamsun.asia\/de\/tour\/grand-palace-wat-phra-keo-tour-bkk421\/\">Grand Palace &amp; Wat Phra Kaew<\/a><\/h4>\n<p><span class=\"address\"><br \/>\nab\/bis Bangkok &#8211; F\u00fcr die meisten Besucher das Highlight von Bangkok schlechthin. Der Wat Phra Kaew befindet sich im historischen Zentrum der Hauptstadt und auf dem Gel\u00e4nde vom Grand Palace (der K\u00f6nig selbst residiert aber nicht mehr dort) und beherbergt Phra Kaew Morakot (den Smaragd-Buddha).<br \/>\n<a href=\"https:\/\/www.siamsun.asia\/de\/tour\/grand-palace-wat-phra-keo-tour-bkk421\/\"><strong>Hier klicken zur Tourbeschreibung<\/strong><\/a><\/span><\/p>\n<p><strong>(Tourcode #BKK421)<\/strong><\/p>\n<\/div>\n<\/div>\n<p><!--\/\/details--><\/p>\n<\/div>\n<\/article>\n<p><!--\/\/tour_item--><\/p>\n<article class=\"tour_item one-third \" data-tour-id=\"277979\">\n<div>\n<p>&nbsp;<\/p>\n<figure>\n<div class=\"promo-ribbon \">ab Bangkok<\/div>\n<p><img decoding=\"async\" loading=\"lazy\" class=\"attachment-thumbnail size-thumbnail wp-post-image\" title=\"BKK422BangkokCityTemple\" src=\"https:\/\/www.siamsun.asia\/wp-content\/uploads\/2021\/02\/BKK422BangkokCityTemple-2-400x300.jpg\" alt=\"\" width=\"400\" height=\"300\" \/><\/figure>\n<div class=\"details hide-actions hide-description hide-price \">\n<div class=\"item-header\">\n<h4><a title=\"Tempel &amp; City Tour #BKK422\" href=\"https:\/\/www.siamsun.asia\/de\/tour\/tempel-city-tour-bkk422\/\">Bangkok Tempel und City Tour <\/a><\/h4>\n<p><span class=\"address\"><br \/>\nab\/bis Bangkok &#8211; Sehen Sie Bangkoks pr\u00e4chtige buddhistische Tempel und die thail\u00e4ndische Hauptstadt ist ja voll davon. Eine bequeme halbt\u00e4gige Stadtrundfahrt zeigt Ihnen jene die man gesehen haben muss, wie Wat Traimit, Wat Pho und Wat Arun um mehr \u00fcber die Kultur und Religion zu erfahren.<br \/>\n<a href=\"https:\/\/www.siamsun.asia\/de\/tour\/tempel-city-tour-bkk422\/\"><strong>Hier klicken zur Tourbeschreibung<\/strong><\/a><\/span><\/p>\n<p><strong>(Tourcode #BKK422)<\/strong><\/p>\n<\/div>\n<\/div>\n<p><!--\/\/details--><\/p>\n<\/div>\n<\/article>\n<p><!--\/\/tour_item--><\/p>\n<article class=\"tour_item one-third \" data-tour-id=\"277823\">\n<div>\n<p>&nbsp;<\/p>\n<figure>\n<div class=\"promo-ribbon \">ab Bangkok<\/div>\n<p><img decoding=\"async\" loading=\"lazy\" class=\"attachment-thumbnail size-thumbnail wp-post-image\" title=\"BKK423ChinatownFlowerMarket\" src=\"https:\/\/www.siamsun.asia\/wp-content\/uploads\/2021\/03\/BKK423ChinatownFlowerMarket-1-400x300.jpg\" alt=\"\" width=\"400\" height=\"300\" \/><\/figure>\n<div class=\"details hide-actions hide-description hide-price \">\n<div class=\"item-header\">\n<h4><a title=\"Bangkok Chinatown &amp; Flower Market #BKK-423\" href=\"https:\/\/www.siamsun.asia\/de\/tour\/bangkok-chinatown-flower-market-bkk-423\/\">Chinatown und Blumenmarkt<\/a><\/h4>\n<p><span class=\"address\"><br \/>\nab\/bis Bangkok &#8211; Halbtagesausflug nach Chinatown, welches sicherlich eines der pulsierendsten Viertel von Bangkok ist mit den unz\u00e4hligen Markt- und Streetfood St\u00e4nden. Besuchen Sie auch Talad Pak Klong, ein riesiger Markt f\u00fcr frische, bunte Blumen und mit allen Arten von Pflanzenartikeln.<br \/>\n<a href=\"https:\/\/www.siamsun.asia\/de\/tour\/bangkok-chinatown-flower-market-bkk-423\/\"><strong>Hier klicken zur Tourbeschreibung<\/strong><\/a><\/span><\/p>\n<p><strong>(Tourcode #BKK423)<\/strong><\/p>\n<\/div>\n<\/div>\n<p><!--\/\/details--><\/p>\n<\/div>\n<\/article>\n<p><!--\/\/tour_item--><\/p>\n<article class=\"tour_item one-third \" data-tour-id=\"277977\">\n<div>\n<p>&nbsp;<\/p>\n<figure>\n<div class=\"promo-ribbon \">ab Bangkok<\/div>\n<p><img decoding=\"async\" loading=\"lazy\" class=\"attachment-thumbnail size-thumbnail wp-post-image\" title=\"BKK427AncientCity\" src=\"https:\/\/www.siamsun.asia\/wp-content\/uploads\/2021\/03\/BKK427AncientCity-3-400x300.jpg\" alt=\"\" width=\"400\" height=\"300\" \/><\/figure>\n<div class=\"details hide-actions hide-description hide-price \">\n<div class=\"item-header\">\n<h4><a title=\"Ancient City Tour #BKK427\" href=\"https:\/\/www.siamsun.asia\/de\/tour\/ancient-city-tour-bkk427\/\">Ancient City Tour <\/a><\/h4>\n<p><span class=\"address\"><br \/>\nab\/bis Bangkok &#8211; In Samut Prakan, eine gute Stunde Fahrt von Bangkok gelegen, ist Ancient City (Muang Boran), eines der gr\u00f6ssten privaten Freilichtmuseen der Welt. Es hat eine Fl\u00e4che von ueber 200 Hektaren in Form von Thailand mit Nachbildungen der vielen Tempel und historischen Geb\u00e4ude des Landes.<br \/>\n<a href=\"https:\/\/www.siamsun.asia\/de\/tour\/ancient-city-tour-bkk427\/\"><strong>Hier klicken zur Tourbeschreibung<\/strong><\/a><\/span><\/p>\n<p><strong>(Tourcode #BKK427)<\/strong><\/p>\n<\/div>\n<\/div>\n<p><!--\/\/details--><\/p>\n<\/div>\n<\/article>\n<p><!--\/\/tour_item--><\/p>\n<article class=\"tour_item one-third \" data-tour-id=\"277976\">\n<div>\n<p>&nbsp;<\/p>\n<figure>\n<div class=\"promo-ribbon \">ab Bangkok<\/div>\n<p><img decoding=\"async\" loading=\"lazy\" class=\"attachment-thumbnail size-thumbnail wp-post-image\" title=\"Wat,Arun,And,Cruise,Ship,In,Night,,bangkok,City,,thailand\" src=\"https:\/\/www.siamsun.asia\/wp-content\/uploads\/2021\/02\/BKK428LoyNavaDinnerCruise-1-400x300.jpg\" alt=\"\" width=\"400\" height=\"300\" \/><\/figure>\n<div class=\"details hide-actions hide-description hide-price \">\n<div class=\"item-header\">\n<h4><a title=\"Chao Phaya Dinner Cruise  #BKK428\" href=\"https:\/\/www.siamsun.asia\/de\/tour\/dinner-cruise-mit-der-loy-nava-bkk428\/\">Chao Phaya Dinner Cruise <\/a><\/h4>\n<p><span class=\"address\"><br \/>\nab\/bis Bangkok &#8211; Erleben Sie die Geschichte und das Erbe, welche auf beiden Seiten des Chao Phraya Flusses gepr\u00e4gt sind. Das ganze auf einer komfortablen und traditionellen Reisbarke. Geniessen Sie auf dieser Dinner Cruise erstklassige thail\u00e4ndische Gastfreundschaft und k\u00f6stliches Essen aus allen Regionen des Landes.<br \/>\n<a href=\"https:\/\/www.siamsun.asia\/de\/tour\/dinner-cruise-mit-der-loy-nava-bkk428\/\"><strong>Hier klicken zur Tourbeschreibung<\/strong><\/a><\/span><\/p>\n<p><strong>(Tourcode #BKK428)<\/strong><\/p>\n<\/div>\n<\/div>\n<p><!--\/\/details--><\/p>\n<\/div>\n<\/article>\n<p><!--\/\/tour_item--><\/p>\n<article class=\"tour_item one-third \" data-tour-id=\"277975\">\n<div>\n<p>&nbsp;<\/p>\n<figure>\n<div class=\"promo-ribbon \">ab Bangkok<\/div>\n<p><img decoding=\"async\" loading=\"lazy\" class=\"attachment-thumbnail size-thumbnail wp-post-image\" title=\"BKK429ChinatownMahanakornTower\" src=\"https:\/\/www.siamsun.asia\/wp-content\/uploads\/2021\/02\/BKK429ChinatownMahanakornTower-400x300.jpg\" alt=\"\" width=\"400\" height=\"300\" \/><\/figure>\n<div class=\"details hide-actions hide-description hide-price \">\n<div class=\"item-header\">\n<h4><a title=\"Chinatown Street Food &amp; Mahanakorn Tower Skywalk #BKK429\" href=\"https:\/\/www.siamsun.asia\/de\/tour\/chinatown-street-food-mahanakorn-tower-skywalk-bkk429\/\">Street Food und Skywalk <\/a><\/h4>\n<p><span class=\"address\"><br \/>\nab\/bis Bangkok &#8211; Eine halbt\u00e4gige Tour mit Start am fr\u00fchen Abend. Sie fahren zuerst nach Yaowarat im Herzen von Chinatown. Essen Sie hier k\u00f6stliches Thai Street Food und beobachten das bunte Treiben. Danach geniessen Sie Bangkoks Skyline vom Skywalk des Mahanakorn Tower auf 314 Meter H\u00f6he.<br \/>\n<a href=\"https:\/\/www.siamsun.asia\/de\/tour\/chinatown-street-food-mahanakorn-tower-skywalk-bkk429\/\"><strong>Hier klicken zur Tourbeschreibung<\/strong><\/a><\/span><\/p>\n<p><strong>(Tourcode #BKK429)<\/strong><\/p>\n<\/div>\n<\/div>\n<p><!--\/\/details--><\/p>\n<\/div>\n<\/article>\n<p><!--\/\/tour_item--><\/p>\n<\/div>\n<\/div>\n","protected":false},"excerpt":{"rendered":"<p>Mehrt\u00e4gige Tour Packages ab Bangkok &nbsp; ab Bangkok River Kwai Jungle Rafts ab\/bis Bangkok 3 Tage\/2 N\u00e4chte &#8211; Dieses dreit\u00e4gige Package gibt tolle Eindr\u00fccke vom River Kwai in der Provinz Kanchanaburi, westlich der Hauptstadt Bangkok gelegen. Ein romantisches Dschungelerlebnis mit \u00dcbernachtungen in komfortablen und idylisch gelegenen Hausbooten auf dem Fluss inmitten der Wildnis. Nebst der [&hellip;]<\/p>\n","protected":false},"author":1,"featured_media":0,"parent":0,"menu_order":0,"comment_status":"closed","ping_status":"closed","template":"","meta":[],"_links":{"self":[{"href":"https:\/\/www.siamsun.asia\/de\/wp-json\/wp\/v2\/pages\/278037"}],"collection":[{"href":"https:\/\/www.siamsun.asia\/de\/wp-json\/wp\/v2\/pages"}],"about":[{"href":"https:\/\/www.siamsun.asia\/de\/wp-json\/wp\/v2\/types\/page"}],"author":[{"embeddable":true,"href":"https:\/\/www.siamsun.asia\/de\/wp-json\/wp\/v2\/users\/1"}],"replies":[{"embeddable":true,"href":"https:\/\/www.siamsun.asia\/de\/wp-json\/wp\/v2\/comments?post=278037"}],"version-history":[{"count":0,"href":"https:\/\/www.siamsun.asia\/de\/wp-json\/wp\/v2\/pages\/278037\/revisions"}],"wp:attachment":[{"href":"https:\/\/www.siamsun.asia\/de\/wp-json\/wp\/v2\/media?parent=278037"}],"curies":[{"name":"wp","href":"https:\/\/api.w.org\/{rel}","templated":true}]}}