{"id":278102,"date":"2018-06-07T13:45:27","date_gmt":"2018-06-07T13:45:27","guid":{"rendered":"https:\/\/www.siamsun.asia\/?page_id=278102"},"modified":"2026-03-23T07:53:30","modified_gmt":"2026-03-23T07:53:30","slug":"tagestouren-von-chiang-mai","status":"publish","type":"page","link":"https:\/\/www.siamsun.asia\/de\/tagestouren-von-chiang-mai\/","title":{"rendered":"Tagesausfl\u00fcge von Chiang Mai"},"content":{"rendered":"<h2>Tagesausfl\u00fcge Leisure von Chiang Mai<\/h2>\n<div class=\"deals\">\n<div class=\"row\">\n<article class=\"tour_item one-third \" data-tour-id=\"277950\">\n<div>\n<figure>\n<div class=\"promo-ribbon \">Leisure<\/div>\n<p><img decoding=\"async\" loading=\"lazy\" class=\"attachment-thumbnail size-thumbnail wp-post-image\" title=\"CNX909ChiangMaiCity\" src=\"https:\/\/www.siamsun.asia\/wp-content\/uploads\/2021\/03\/CNX909ChiangMaiCity-1-400x300.jpg\" alt=\"\" width=\"400\" height=\"300\" \/><\/figure>\n<div class=\"details hide-actions hide-description hide-price \">\n<div class=\"item-header\">\n<h4><a title=\"Chiang Mai City Tour #CNX909\" href=\"https:\/\/www.siamsun.asia\/de\/tour\/chiang-mai-stadtrundfahrt-cnx-909\/\">Chiang Mai City Tour <\/a><\/h4>\n<p><span class=\"address\"><br \/>\nab\/bis Chiang Mai &#8211; Diese private Tagestour zeigt Ihnen das Beste von der Stadt Chiang Mai mit einigen der sch\u00f6nsten Sehensw\u00fcrdigkeiten. Ein H\u00f6hepunkt ist sicher die Fahrt den Berg hinauf zum Doi Suthep Tempel, von wo Sie einen herrlichen Blick auf die Stadt und Umgebung geniessen k\u00e4nnen. Tauchen Sie ein in die Geschichte, w\u00e4hrend Sie eine Erkundungstour durch die Altstadt unternehmen. Auch ein Spaziergang \u00fcber den bunten, gesch\u00e4ftigen lokalen Frischmarkt steht nebst weiterem noch auf dem Programm.<br \/>\n<a href=\"https:\/\/www.siamsun.asia\/de\/tour\/chiang-mai-stadtrundfahrt-cnx-909\/\"><strong>Hier klicken zur Tourbeschreibung<\/strong><\/a><\/span><\/p>\n<p><strong>(Tourcode #CNX909)<\/strong><\/p>\n<\/div>\n<\/div>\n<p><!--\/\/details--><\/p>\n<\/div>\n<\/article>\n<p><!--\/\/tour_item--><\/p>\n<article class=\"tour_item one-third \" data-tour-id=\"277949\">\n<div>\n<figure>\n<div class=\"promo-ribbon \">Leisure<\/div>\n<p><img decoding=\"async\" loading=\"lazy\" class=\"attachment-thumbnail size-thumbnail wp-post-image\" title=\"CNX919AroundChiangMai\" src=\"https:\/\/www.siamsun.asia\/wp-content\/uploads\/2021\/02\/CNX919AroundChiangMai-3-400x300.jpg\" alt=\"\" width=\"400\" height=\"300\" \/><\/figure>\n<div class=\"details hide-actions hide-description hide-price \">\n<div class=\"item-header\">\n<h4><a title=\"Rund um Chiang Mai Tour #CNX919\" href=\"https:\/\/www.siamsun.asia\/de\/tour\/rund-um-chiang-mai-tour-cnx-919\/\">Tour rund um Chiang Mai <\/a><\/h4>\n<p><span class=\"address\"><br \/>\nab\/bis Chiang Mai &#8211; Diese Tagestour konzentriert sich auf die wichtigsten Highlights und Sehensw\u00fcrdigkeiten ausserhalb der n\u00f6rdlichen Metropole. Lassen Sie die Stadt hinter sich und entspannen Sie sich w\u00e4hrend der Bootsfahrt auf dem Ping River. Geniessen Sie die Szenerie am Fluss, Teakholzh\u00e4user und l\u00e4ndliches Gr\u00fcn. Weitere Attraktionen bei dieser Tour sind z. B. ein Tempel mit toller Aussicht, ein Waldtempel mit Tunnel, der pr\u00e4chtige Royal Rajapruek Park und die Ruinen einer ehemaligen Mon-Stadt<br \/>\n<a href=\"https:\/\/www.siamsun.asia\/de\/tour\/rund-um-chiang-mai-tour-cnx-919\/\"><strong>Hier klicken zur Tourbeschreibung<\/strong><\/a><\/span><\/p>\n<p><strong>(Tourcode #CNX919)<\/strong><\/p>\n<\/div>\n<\/div>\n<p><!--\/\/details--><\/p>\n<\/div>\n<\/article>\n<p><!--\/\/tour_item--><\/p>\n<article class=\"tour_item one-third \" data-tour-id=\"277948\">\n<div>\n<figure>\n<div class=\"promo-ribbon \">Leisure<\/div>\n<p><img decoding=\"async\" loading=\"lazy\" class=\"attachment-thumbnail size-thumbnail wp-post-image\" title=\"CNX904ChiangDao\" src=\"https:\/\/www.siamsun.asia\/wp-content\/uploads\/2021\/02\/CNX904ChiangDao-1-400x300.jpg\" alt=\"\" width=\"400\" height=\"300\" \/><\/figure>\n<div class=\"details hide-actions hide-description hide-price \">\n<div class=\"item-header\">\n<h4><a title=\"Chiang Dao Tour #CNX904\" href=\"https:\/\/www.siamsun.asia\/de\/tour\/chiang-dao-entdeckungstour-cnx-904\/\">Chiang Dao entdecken<\/a><\/h4>\n<p><span class=\"address\"><br \/>\nab\/bis Chiang Mai &#8211; Eine gef\u00fchrte private Tour nach Chiang Dao, 80 km n\u00f6rdlich von der Stadt Chiang Mai, welche Sie auf das Lande fuehrt. Die Hauptattraktion dort ist Thum Chiang Dao, ein riesiger H\u00f6hlentempel mit wundersch\u00f6nem Stalagmiten und Stalaktiten. Die H\u00fcgel \u00f6stlich von Chiang Dao beherbergen D\u00f6rfer ethnischer Minderheiten und Sie werden eines davon besuchen, dies nebst anderen interessanten Stopps auf der Route, um Ihnen auch das malerische Nordthailand n\u00e4her zu bringen.<br \/>\n<a href=\"https:\/\/www.siamsun.asia\/de\/tour\/chiang-dao-entdeckungstour-cnx-904\/\"><strong>Hier klicken zur Tourbeschreibung<\/strong><\/a><\/span><\/p>\n<p><strong>(Tourcode #CNX904)<\/strong><\/p>\n<\/div>\n<\/div>\n<p><!--\/\/details--><\/p>\n<\/div>\n<\/article>\n<p><!--\/\/tour_item--><\/p>\n<article class=\"tour_item one-third \" data-tour-id=\"277947\">\n<div>\n<figure>\n<div class=\"promo-ribbon \">Leisure<\/div>\n<p><img decoding=\"async\" loading=\"lazy\" class=\"attachment-thumbnail size-thumbnail wp-post-image\" title=\"CNX906DoiInthanon\" src=\"https:\/\/www.siamsun.asia\/wp-content\/uploads\/2021\/02\/CNX906DoiInthanon-400x300.jpg\" alt=\"\" width=\"400\" height=\"300\" \/><\/figure>\n<div class=\"details hide-actions hide-description hide-price \">\n<div class=\"item-header\">\n<h4><a title=\"Doi Inthanon Tour #CNX906\" href=\"https:\/\/www.siamsun.asia\/de\/tour\/doi-inthanon-tour-cnx-906\/\">Doi Inthanon Nationalpark <\/a><\/h4>\n<p><span class=\"address\"><br \/>\nab\/bis Chiang Mai &#8211; Auf diesem gef\u00fchrten Ausflug besuchen Sie &#8222;das Dach von Thailand&#8220;. Zum Nationalpark Doi Inthanon geh\u00f6rt auch der Doi Inthanon, h\u00f6chster Berg des Landes mit 2565 Metern \u00fcber Meer. Geniessen Sie seine wundersch\u00f6ne Natur mit einzigartiger Fauna und Flora, sehen Sie malerische Wasserf\u00e4lle und atemberaubende Aussichtspunkte, machen Sie einen Spaziergang auf dem Angka Nature Trail und entdecken ein Dorf der Hmong. Nicht nur Naturliebhaber kommen hier auf ihre Kosten.<br \/>\n<a href=\"https:\/\/www.siamsun.asia\/de\/tour\/doi-inthanon-tour-cnx-906\/\"><strong>Hier klicken zur Tourbeschreibung<\/strong><\/a><\/span><\/p>\n<p><strong>(Tourcode #CNX906)<\/strong><\/p>\n<\/div>\n<\/div>\n<p><!--\/\/details--><\/p>\n<\/div>\n<\/article>\n<p><!--\/\/tour_item--><\/p>\n<article class=\"tour_item one-third \" data-tour-id=\"277946\">\n<div>\n<figure>\n<div class=\"promo-ribbon \">Leisure<\/div>\n<p><img decoding=\"async\" loading=\"lazy\" class=\"attachment-thumbnail size-thumbnail wp-post-image\" title=\"CNX907Golden\" src=\"https:\/\/www.siamsun.asia\/wp-content\/uploads\/2021\/02\/CNX907Golden-400x300.jpg\" alt=\"\" width=\"400\" height=\"300\" \/><\/figure>\n<div class=\"details hide-actions hide-description hide-price \">\n<div class=\"item-header\">\n<h4><a title=\"Golden Triangle Blitz Tour #CNX907\" href=\"https:\/\/www.siamsun.asia\/de\/tour\/goldenes-dreieck-blitz-tour-cnx-907\/\">Farbenpr\u00e4chtige Tempel in Chiang Rai <\/a><\/h4>\n<p><span class=\"address\"><br \/>\nab\/bis Chiang Mai &#8211; Eine etwas intensivere Tagestour nach Chiang Rai f\u00fcr Leute mit wenig Zeit, die es aber nicht vers\u00e4umen m\u00f6chten die farbenpr\u00e4chtigen Tempel von Chiang Rai zu sehen. Es werden ca. 380 km zur\u00fcckgelegt und gutes Sitzleder ist hier sicher von Vorteil. Von ihrer Sch\u00f6nheit, Farben, Designs und Kunstwerke geh\u00f6rt Chiang Rai zu den Provinzen mit einigen der sehensw\u00fcrdigsten Tempel von Thailand. Die Provinz Chiang Rai liegt n\u00f6rdlich von Chiang Mai im Grenzgebiet zu Myanmar und Laos.<br \/>\n<a href=\"https:\/\/www.siamsun.asia\/de\/tour\/goldenes-dreieck-blitz-tour-cnx-907\/\"><strong>Hier klicken zur Tourbeschreibung<\/strong><\/a><\/span><\/p>\n<p><strong>(Tourcode #CNX907)<\/strong><\/p>\n<\/div>\n<\/div>\n<p><!--\/\/details--><\/p>\n<\/div>\n<\/article>\n<p><!--\/\/tour_item--><\/p>\n<article class=\"tour_item one-third \" data-tour-id=\"277945\">\n<div>\n<figure>\n<div class=\"promo-ribbon \">Leisure<\/div>\n<p><img decoding=\"async\" loading=\"lazy\" class=\"attachment-thumbnail size-thumbnail wp-post-image\" title=\"CNX908LamphunLampang\" src=\"https:\/\/www.siamsun.asia\/wp-content\/uploads\/2021\/02\/CNX908LamphunLampang-400x300.jpg\" alt=\"\" width=\"400\" height=\"300\" \/><\/figure>\n<div class=\"details hide-actions hide-description hide-price \">\n<div class=\"item-header\">\n<h4><a title=\"Lamphun &amp; Lampang Tour #CNX908\" href=\"https:\/\/www.siamsun.asia\/de\/tour\/lampang-lamphun-cnx-908\/\">Lamphun &amp; Lampang\u00a0<\/a><\/h4>\n<p><span class=\"address\"><br \/>\nab\/bis Chiang Mai &#8211; Eine gef\u00fchrte Tagestour in die benachbarten Provinzen Lamphun und Lampang s\u00fcdlich von Chiang Mai. Lamphun list eine kleines St\u00e4dtchen mit einzigartigem kulturellem Erbe, goldenen Tempeln &amp; Pagoden. Lampang, die drittgr\u00f6sste Stadt im Norden, ihre eigene Einzigartigkeit mit einer lokalen Architektur, Tempeln, Pferdekutschen und unber\u00fchrte Naturattraktionen. Erleben Sie auf dieser Tour u. a. auch die Lanna-Kultur, einen urigen lokalen Landmarkt und das ber\u00fchmte Elephant Hospital.<br \/>\n<a href=\"https:\/\/www.siamsun.asia\/de\/tour\/lampang-lamphun-cnx-908\/\"><strong>Hier klicken zur Tourbeschreibung<\/strong><\/a><\/span><\/p>\n<p><strong>(Tourcode #CNX908)<\/strong><\/p>\n<\/div>\n<\/div>\n<p><!--\/\/details--><\/p>\n<\/div>\n<\/article>\n<p><!--\/\/tour_item--><\/p>\n<\/div>\n<\/div>\n<h2>Tagesausfl\u00fcge Aktiv von Chiang Mai<\/h2>\n<div class=\"deals\">\n<div class=\"row\">\n<article class=\"tour_item one-third \" data-tour-id=\"277967\">\n<div>\n<figure>\n<div class=\"promo-ribbon \">Aktiv<\/div>\n<p><img decoding=\"async\" loading=\"lazy\" class=\"attachment-thumbnail size-thumbnail wp-post-image\" title=\"CNX902CyclingPingValley\" src=\"https:\/\/www.siamsun.asia\/wp-content\/uploads\/2021\/03\/CNX902CyclingPingValley-400x300.jpg\" alt=\"\" width=\"400\" height=\"300\" \/><\/figure>\n<div class=\"details hide-actions hide-description hide-price \">\n<div class=\"item-header\">\n<h4><a title=\"Mit dem Fahrrad im Ping Valley Tour #CNX902\" href=\"https:\/\/www.siamsun.asia\/de\/tour\/radtour-im-ping-tal-cnx-902\/\">Mit dem Fahrrad im Ping Valley <\/a><\/h4>\n<p><span class=\"address\"><br \/>\nab\/bis Chiang Mai &#8211; Auf zwei R\u00e4dern Land und Leute entdecken. Bei dieser Aktivtagestour radeln Sie \u00fcber das Lande vorbei an D\u00f6rfern, Reisfeldern und Plantagen. Die fast nur flache Strecke (total ca. 45 km) f\u00fchrt die meiste Zeit durch das beschauliche Tal vom Ping River.<br \/>\n<a href=\"https:\/\/www.siamsun.asia\/de\/tour\/radtour-im-ping-tal-cnx-902\/\"><strong>Hier klicken zur Tourbeschreibung<\/strong><\/a><\/span><\/p>\n<p><strong>(Tourcode #CNX902)<\/strong><\/p>\n<\/div>\n<\/div>\n<p><!--\/\/details--><\/p>\n<\/div>\n<\/article>\n<p><!--\/\/tour_item--><\/p>\n<article class=\"tour_item one-third \" data-tour-id=\"277966\">\n<div>\n<figure>\n<div class=\"promo-ribbon \">Aktiv<\/div>\n<p><img decoding=\"async\" loading=\"lazy\" class=\"attachment-thumbnail size-thumbnail wp-post-image\" title=\"CNX903JungleFlight\" src=\"https:\/\/www.siamsun.asia\/wp-content\/uploads\/2021\/02\/CNX903JungleFlight-2-400x300.jpg\" alt=\"\" width=\"400\" height=\"300\" \/><\/figure>\n<div class=\"details hide-actions hide-description hide-price \">\n<div class=\"item-header\">\n<h4><a title=\"Jungle Flight Tour #CNX903\" href=\"https:\/\/www.siamsun.asia\/de\/tour\/jungle-flight-tour-cnx-903\/\">Jungle Flight <\/a><\/h4>\n<p><span class=\"address\"><br \/>\nab\/bis Chiang Mai &#8211; Ein Aktivtagesausflug definitiv eher f\u00fcr abenteuerlustige Leute mit wenig H\u00f6henangst. Die Action findet in der Region des Doi Lankah statt (ca. 1 Std. Anfahrt). Man gleitet an Stahlkabeln von einer Baumkrone bis zur anderen mit Plattformen bis zu 50 Meter hoch.<br \/>\n<a href=\"https:\/\/www.siamsun.asia\/de\/tour\/jungle-flight-tour-cnx-903\/ \"><strong>Hier klicken zur Tourbeschreibung<\/strong><\/a><\/span><\/p>\n<p><strong>(Tourcode #CNX903)<\/strong><\/p>\n<\/div>\n<\/div>\n<p><!--\/\/details--><\/p>\n<\/div>\n<\/article>\n<p><!--\/\/tour_item--><\/p>\n<article class=\"tour_item one-third \" data-tour-id=\"277965\">\n<div>\n<figure>\n<div class=\"promo-ribbon \">Aktiv<\/div>\n<p><img decoding=\"async\" loading=\"lazy\" class=\"attachment-thumbnail size-thumbnail wp-post-image\" title=\"CNX905Cookery\" src=\"https:\/\/www.siamsun.asia\/wp-content\/uploads\/2021\/02\/CNX905Cookery-400x300.jpg\" alt=\"\" width=\"400\" height=\"300\" \/><\/figure>\n<div class=\"details hide-actions hide-description hide-price \">\n<div class=\"item-header\">\n<h4><a title=\"Thai Kochschule Tour #CNX905\" href=\"https:\/\/www.siamsun.asia\/de\/tour\/chiang-mai-kochschule-cnx-905\/\">Chiang Mai Kochschule <\/a><\/h4>\n<p><span class=\"address\"><br \/>\nab\/bis Chiang Mai &#8211; Man ist in einem Tag zwar noch kein Chefkoch, lernt aber einiges \u00fcber die einheimische Gew\u00fcrze und Zubereitung einiger bekannten Thai Gerichte. Zuvor folgt noch ein Rundgang \u00fcber den lokalen Markt um sich frisches Gem\u00fcse und Gew\u00fcrze zu besorgen.<br \/>\n<a href=\"https:\/\/www.siamsun.asia\/de\/tour\/chiang-mai-kochschule-cnx-905\/\"><strong>Hier klicken zur Tourbeschreibung<\/strong><\/a><\/span><\/p>\n<p><strong>(Tourcode #CNX905)<\/strong><\/p>\n<\/div>\n<\/div>\n<p><!--\/\/details--><\/p>\n<\/div>\n<\/article>\n<p><!--\/\/tour_item--><\/p>\n<article class=\"tour_item one-third \" data-tour-id=\"277964\">\n<div>\n<figure>\n<div class=\"promo-ribbon \">Aktiv<\/div>\n<p><img decoding=\"async\" loading=\"lazy\" class=\"attachment-thumbnail size-thumbnail wp-post-image\" title=\"CNX911DoiPuiTrek\" src=\"https:\/\/www.siamsun.asia\/wp-content\/uploads\/2021\/02\/CNX911DoiPuiTrek-400x300.jpg\" sizes=\"(max-width: 400px) 100vw, 400px\" srcset=\"https:\/\/www.siamsun.asia\/wp-content\/uploads\/2021\/02\/CNX911DoiPuiTrek-400x300.jpg 400w, https:\/\/www.siamsun.asia\/wp-content\/uploads\/2021\/02\/CNX911DoiPuiTrek-300x225.jpg 300w, https:\/\/www.siamsun.asia\/wp-content\/uploads\/2021\/02\/CNX911DoiPuiTrek-1024x768.jpg 1024w, https:\/\/www.siamsun.asia\/wp-content\/uploads\/2021\/02\/CNX911DoiPuiTrek-768x576.jpg 768w, https:\/\/www.siamsun.asia\/wp-content\/uploads\/2021\/02\/CNX911DoiPuiTrek-600x450.jpg 600w, https:\/\/www.siamsun.asia\/wp-content\/uploads\/2021\/02\/CNX911DoiPuiTrek.jpg 1478w\" alt=\"\" width=\"400\" height=\"300\" \/><\/figure>\n<div class=\"details hide-actions hide-description hide-price \">\n<div class=\"item-header\">\n<h4><a title=\"Doi Pui Mini Trek Tour #CNX911\" href=\"https:\/\/www.siamsun.asia\/de\/tour\/doi-pui-mini-trekking-tour-cnx-911\/\">Doi Pui Mini Trek <\/a><\/h4>\n<p><span class=\"address\"><br \/>\nab\/bis Chiang Mai &#8211; Ein Tagestrek unweit der Stadt Chiang Mai in den W\u00e4ldern auf dem Doi Pui. Beim wandern in der sch\u00f6nen Natur laden immer wieder kleine Wasserf\u00e4lle zum k\u00fchlen Bad ein. Ein Besuch im Hmong Bergdorf und beim Suthep Bergtempel runden die Tour ab.<br \/>\n<a href=\"https:\/\/www.siamsun.asia\/de\/tour\/doi-pui-mini-trekking-tour-cnx-911\/\"><strong>Hier klicken zur Tourbeschreibung<\/strong><\/a><\/span><\/p>\n<p><strong>(Tourcode #CNX911)<\/strong><\/p>\n<\/div>\n<\/div>\n<p><!--\/\/details--><\/p>\n<\/div>\n<\/article>\n<p><!--\/\/tour_item--><\/p>\n<article class=\"tour_item one-third \" data-tour-id=\"277963\">\n<div>\n<figure>\n<div class=\"promo-ribbon \">Aktiv<\/div>\n<p><img decoding=\"async\" loading=\"lazy\" class=\"attachment-thumbnail size-thumbnail wp-post-image\" title=\"CNX912MaeTaengMiniTrek\" src=\"https:\/\/www.siamsun.asia\/wp-content\/uploads\/2021\/03\/CNX912MaeTaengMiniTrek-400x300.jpg\" alt=\"\" width=\"400\" height=\"300\" \/><\/figure>\n<div class=\"details hide-actions hide-description hide-price \">\n<div class=\"item-header\">\n<h4><a title=\"Mae Taeng Mini Trek Tour #CNX912\" href=\"https:\/\/www.siamsun.asia\/de\/tour\/mae-taeng-mini-trekking-tour-cnx-912\/\">Trekking zum Lahu Bergdorf<\/a><\/h4>\n<p><span class=\"address\"><br \/>\nab\/bis Chiang Mai &#8211; Ein Tagestrek in den H\u00fcgeln von Mae Taeng, ca. 50 km n\u00f6rdlich von Chiang Mai. Die Wanderung in der Bergwildnis betr\u00e4gt etwa f\u00fcnf Stunden inkl. baden bei einem Wasserfall. Die Mittagspause ist unterwegs im Dorf vom Bergstamm der Lahu.<br \/>\n<a href=\"https:\/\/www.siamsun.asia\/de\/tour\/mae-taeng-mini-trekking-tour-cnx-912\/\"><strong>Hier klicken zur Tourbeschreibung<\/strong><\/a><\/span><\/p>\n<p><strong>(Tourcode #CNX912)<\/strong><\/p>\n<\/div>\n<\/div>\n<p><!--\/\/details--><\/p>\n<\/div>\n<\/article>\n<p><!--\/\/tour_item--><\/p>\n<article class=\"tour_item one-third \" data-tour-id=\"277961\">\n<div>\n<figure>\n<div class=\"promo-ribbon \">Aktiv<\/div>\n<p><img decoding=\"async\" loading=\"lazy\" class=\"attachment-thumbnail size-thumbnail wp-post-image\" title=\"CNX914ChiangDaoHillTribeTrek\" src=\"https:\/\/www.siamsun.asia\/wp-content\/uploads\/2021\/02\/CNX914ChiangDaoHillTribeTrek-2-400x300.jpg\" alt=\"\" width=\"400\" height=\"300\" \/><\/figure>\n<div class=\"details hide-actions hide-description hide-price \">\n<div class=\"item-header\">\n<h4><a title=\"Chiang Dao Hill Tribe Trek Tour #CNX914\" href=\"https:\/\/www.siamsun.asia\/de\/tour\/chiang-dao-hill-tribe-trekkingtour-cnx-914\/\">Chiang Dao Hill Tribe Trek <\/a><\/h4>\n<p><span class=\"address\"><br \/>\nab\/bis Chiang Mai &#8211; Diese Tagestrekkingtour in den H\u00fcgeln \u00f6stlich von Chiang Dao (ca. 80 km n\u00f6rdlich der Stadt Chiang Mai entfernt) hat den Schwerpunkt bei den D\u00f6rfern von ethnischen Minderheiten, welche man hier auf kurzen Wanderungen erreichen kann.<br \/>\n<a href=\"https:\/\/www.siamsun.asia\/de\/tour\/chiang-dao-hill-tribe-trekkingtour-cnx-914\/\"><strong>Hier klicken zur Tourbeschreibung<\/strong><\/a><\/span><\/p>\n<p><strong>(Tourcode #CNX914)<\/strong><\/p>\n<\/div>\n<\/div>\n<p><!--\/\/details--><\/p>\n<\/div>\n<\/article>\n<p><!--\/\/tour_item--><\/p>\n<article class=\"tour_item one-third \" data-tour-id=\"277960\">\n<div>\n<figure>\n<div class=\"promo-ribbon \">Aktiv<\/div>\n<p><img decoding=\"async\" loading=\"lazy\" class=\"attachment-thumbnail size-thumbnail wp-post-image\" title=\"CNX915RaftingMaeTaeng\" src=\"https:\/\/www.siamsun.asia\/wp-content\/uploads\/2021\/03\/CNX915RaftingMaeTaeng-400x300.jpg\" alt=\"\" width=\"400\" height=\"300\" \/><\/figure>\n<div class=\"details hide-actions hide-description hide-price \">\n<div class=\"item-header\">\n<h4><a title=\"Rafting auf dem Mae Taeng River Tour #CNX915\" href=\"https:\/\/www.siamsun.asia\/de\/tour\/rafting-auf-dem-mae-taeng-fluss-tour-cnx-915\/\">Mae Taeng River Rafting<\/a><\/h4>\n<p><span class=\"address\"><br \/>\nab\/bis Chiang Mai &#8211; Eine qualitativ recht hochwertige Raftingtour auf dem Mae Taeng River, organisiert von einem zweifachen Kayak Weltmeister. Das Rafting betr\u00e4gt total 10 km mit Stromschnellen der Kategorie 3+4 durch \u00fcppigen Dschungel und reizvolle Flusslandschaften.<br \/>\n<a href=\"https:\/\/www.siamsun.asia\/de\/tour\/rafting-auf-dem-mae-taeng-fluss-tour-cnx-915\/\"><strong>Hier klicken zur Tourbeschreibung<\/strong><\/a><\/span><\/p>\n<p><strong>(Tourcode #CNX915)<\/strong><\/p>\n<\/div>\n<\/div>\n<p><!--\/\/details--><\/p>\n<\/div>\n<\/article>\n<p><!--\/\/tour_item--><\/p>\n<article class=\"tour_item one-third \" data-tour-id=\"277959\">\n<div>\n<figure>\n<div class=\"promo-ribbon \">Aktiv<\/div>\n<p><img decoding=\"async\" loading=\"lazy\" class=\"attachment-thumbnail size-thumbnail wp-post-image\" title=\"CNX916KayakingPingRiver\" src=\"https:\/\/www.siamsun.asia\/wp-content\/uploads\/2021\/02\/CNX916KayakingPingRiver-1-400x300.jpg\" alt=\"\" width=\"400\" height=\"300\" \/><\/figure>\n<div class=\"details hide-actions hide-description hide-price \">\n<div class=\"item-header\">\n<h4><a title=\"Kayaking auf dem Ping River Tour #CNX916\" href=\"https:\/\/www.siamsun.asia\/de\/tour\/kajakfahren-auf-dem-ping-river-tour-cnx-916\/\">Kayaking auf dem Ping River <\/a><\/h4>\n<p><span class=\"address\"><br \/>\nab\/bis Chiang Mai &#8211; Eine Kayaktour (auch f\u00fcr Anf\u00e4nger geeignet) ca. 70 km von Chiang Mai entfernt auf dem n\u00f6rdlichen Teil des Ping Rivers. Paddeln durch die Wildnis entlang einer recht \u00fcppigen Vegetation. Dabei k\u00f6nnen Sie noch die Natur und Stille geniessen.<br \/>\n<a href=\"https:\/\/www.siamsun.asia\/de\/tour\/kajakfahren-auf-dem-ping-river-tour-cnx-916\/\"><strong>Hier klicken zur Tourbeschreibung<\/strong><\/a><\/span><\/p>\n<p><strong>(Tourcode #CNX916)<\/strong><\/p>\n<\/div>\n<\/div>\n<p><!--\/\/details--><\/p>\n<\/div>\n<\/article>\n<p><!--\/\/tour_item--><\/p>\n<article class=\"tour_item one-third \" data-tour-id=\"277958\">\n<div>\n<figure>\n<div class=\"promo-ribbon \">Aktiv<\/div>\n<p><img decoding=\"async\" loading=\"lazy\" class=\"attachment-thumbnail size-thumbnail wp-post-image\" title=\"CNX917MountainBikeSuthep\" src=\"https:\/\/www.siamsun.asia\/wp-content\/uploads\/2021\/02\/CNX917MountainBikeSuthep-1-400x300.jpg\" alt=\"\" width=\"400\" height=\"300\" \/><\/figure>\n<div class=\"details hide-actions hide-description hide-price \">\n<div class=\"item-header\">\n<h4><a title=\"Mountain biking im Suthep Nationalpark Tour #CNX917\" href=\"https:\/\/www.siamsun.asia\/de\/tour\/mountain-biking-im-suthep-national-park-cnx-917\/\">Mountain Biking Doi Suthep <\/a><\/h4>\n<p><span class=\"address\"><br \/>\nab\/bis Chiang Mai &#8211; Eine tolle Mountain Bike Tour im Suthep Nationalpark vor den Toren von Chiang Mai. Ideal f\u00fcr Einsteiger, technisch nicht schwierig und k\u00f6rperlich nicht so anspruchsvoll, da ein grosser Teil von der Route bergabw\u00e4rts durch Dschungel, Pinienwald und Plantagen f\u00fchrt.<br \/>\n<a href=\"https:\/\/www.siamsun.asia\/de\/tour\/mountain-biking-im-suthep-national-park-cnx-917\/\"><strong>Hier klicken zur Tourbeschreibung<\/strong><\/a><\/span><\/p>\n<p><strong>(Tourcode #CNX917)<\/strong><\/p>\n<\/div>\n<\/div>\n<p><!--\/\/details--><\/p>\n<\/div>\n<\/article>\n<p><!--\/\/tour_item--><\/p>\n<article class=\"tour_item one-third \" data-tour-id=\"277956\">\n<div>\n<figure>\n<div class=\"promo-ribbon \">Aktiv<\/div>\n<p><img decoding=\"async\" loading=\"lazy\" class=\"attachment-thumbnail size-thumbnail wp-post-image\" title=\"CNX918ATVQuad\" src=\"https:\/\/www.siamsun.asia\/wp-content\/uploads\/2021\/03\/CNX918ATVQuad-400x300.jpg\" alt=\"\" width=\"400\" height=\"300\" \/><\/figure>\n<div class=\"details hide-actions hide-description hide-price \">\n<div class=\"item-header\">\n<h4><a title=\"Chiang Mai ATV Abenteuer Tour #CNX918\" href=\"https:\/\/www.siamsun.asia\/de\/tour\/atv-safari-tour-cnx-918\/\">Chiang Mai ATV Quad Abenteuer <\/a><\/h4>\n<p><span class=\"address\"><br \/>\nab\/bis Chiang Mai &#8211; Ein ATV Quad Abenteuer im Mae Taeng Valley n\u00f6rdlich der Stadt Chiang Mai gelegen. sowohl geeignet fuer Anf\u00e4nger als leicht Fortgeschrittene. Die Strecke betr\u00e4gt ca. 40 km, ist zum Teil auf Strassen und auch durch Offroad Dschungelgel\u00e4nde.<br \/>\n<a href=\"https:\/\/www.siamsun.asia\/de\/tour\/atv-safari-tour-cnx-918\/\"><strong>Hier klicken zur Tourbeschreibung<\/strong><\/a><\/span><\/p>\n<p><strong>(Tourcode #CNX918)<\/strong><\/p>\n<\/div>\n<\/div>\n<p><!--\/\/details--><\/p>\n<\/div>\n<\/article>\n<p><!--\/\/tour_item--><\/p>\n<article class=\"tour_item one-third \" data-tour-id=\"277953\">\n<div>\n<figure>\n<div class=\"promo-ribbon \">Aktiv<\/div>\n<p><img decoding=\"async\" loading=\"lazy\" class=\"attachment-thumbnail size-thumbnail wp-post-image\" title=\"CNX922EcoElephant\" src=\"https:\/\/www.siamsun.asia\/wp-content\/uploads\/2021\/02\/CNX922EcoElephant-2-400x300.jpg\" alt=\"\" width=\"400\" height=\"300\" \/><\/figure>\n<div class=\"details hide-actions hide-description hide-price \">\n<div class=\"item-header\">\n<h4><a title=\"Eco Elephant Farm Tour #CNX922\" href=\"https:\/\/www.siamsun.asia\/de\/tour\/eco-elephant-farm-tour-cnx-922\/\">Eco Elephant Farm, Trek &amp; Raft <\/a><\/h4>\n<p><span class=\"address\"><br \/>\nab\/bis Chiang Mai &#8211; Verbringen Sie zuerst einen halben Tag mit Elefanten im kleinen Camp bei Muang Kud. Ein idealer Platz zum beobachten und erfahren wie diese Riesen leben. Abgerundet wird die Tour mit einem kurzen Trek zu einem Wasserfall und Rafting.<br \/>\n<a href=\"https:\/\/www.siamsun.asia\/de\/tour\/eco-elephant-farm-tour-cnx-922\/\"><strong>Hier klicken zur Tourbeschreibung<\/strong><\/a><\/span><\/p>\n<p><strong>(Tourcode #CNX922)<\/strong><\/p>\n<\/div>\n<\/div>\n<p><!--\/\/details--><\/p>\n<\/div>\n<\/article>\n<p><!--\/\/tour_item--><\/p>\n<article class=\"tour_item one-third \" data-tour-id=\"277951\">\n<div>\n<figure>\n<div class=\"promo-ribbon \">Aktiv<\/div>\n<p><img decoding=\"async\" loading=\"lazy\" class=\"attachment-thumbnail size-thumbnail wp-post-image\" title=\"CNX923ThaiElephantHomeNursery\" src=\"https:\/\/www.siamsun.asia\/wp-content\/uploads\/2021\/02\/CNX923ThaiElephantHomeNursery-1-400x300.jpg\" alt=\"\" width=\"400\" height=\"300\" \/><\/figure>\n<div class=\"details hide-actions hide-description hide-price \">\n<div class=\"item-header\">\n<h4><a title=\"Elephant Retirement Park #CNX923\" href=\"https:\/\/www.siamsun.asia\/de\/tour\/thai-elephant-home-nursery-tour-cnx-923\/\">Elephant Retirement Park <\/a><\/h4>\n<p><span class=\"address\"><br \/>\nab\/bis Chiang Mai &#8211; Geniessen Sie den Tag in einem Park f\u00fcr Elefanten im Ruhestand, welche frei herumlaufen und in der umliegenden Vegetation grasen. Spazieren, baden und f\u00fcttern Sie die Dickh\u00e4uter. Elephant Retirement Park hat die Mission den Elefanten einen Pflegeraum zu bieten.<br \/>\n<a href=\"https:\/\/www.siamsun.asia\/de\/tour\/thai-elephant-home-nursery-tour-cnx-923\/\"><strong>Hier klicken zur Tourbeschreibung<\/strong><\/a><\/span><\/p>\n<p><strong>(Tourcode #CNX923)<\/strong><\/p>\n<\/div>\n<\/div>\n<p><!--\/\/details--><\/p>\n<\/div>\n<\/article>\n<p><!--\/\/tour_item--><\/p>\n<\/div>\n<\/div>\n","protected":false},"excerpt":{"rendered":"<p>Tagesausfl\u00fcge Leisure von Chiang Mai Leisure Chiang Mai City Tour ab\/bis Chiang Mai &#8211; Diese private Tagestour zeigt Ihnen das Beste von der Stadt Chiang Mai mit einigen der sch\u00f6nsten Sehensw\u00fcrdigkeiten. Ein H\u00f6hepunkt ist sicher die Fahrt den Berg hinauf zum Doi Suthep Tempel, von wo Sie einen herrlichen Blick auf die Stadt und Umgebung [&hellip;]<\/p>\n","protected":false},"author":1,"featured_media":279185,"parent":0,"menu_order":0,"comment_status":"closed","ping_status":"closed","template":"","meta":[],"_links":{"self":[{"href":"https:\/\/www.siamsun.asia\/de\/wp-json\/wp\/v2\/pages\/278102"}],"collection":[{"href":"https:\/\/www.siamsun.asia\/de\/wp-json\/wp\/v2\/pages"}],"about":[{"href":"https:\/\/www.siamsun.asia\/de\/wp-json\/wp\/v2\/types\/page"}],"author":[{"embeddable":true,"href":"https:\/\/www.siamsun.asia\/de\/wp-json\/wp\/v2\/users\/1"}],"replies":[{"embeddable":true,"href":"https:\/\/www.siamsun.asia\/de\/wp-json\/wp\/v2\/comments?post=278102"}],"version-history":[{"count":0,"href":"https:\/\/www.siamsun.asia\/de\/wp-json\/wp\/v2\/pages\/278102\/revisions"}],"wp:featuredmedia":[{"embeddable":true,"href":"https:\/\/www.siamsun.asia\/de\/wp-json\/wp\/v2\/media\/279185"}],"wp:attachment":[{"href":"https:\/\/www.siamsun.asia\/de\/wp-json\/wp\/v2\/media?parent=278102"}],"curies":[{"name":"wp","href":"https:\/\/api.w.org\/{rel}","templated":true}]}}