{"id":278309,"date":"2021-03-18T00:07:37","date_gmt":"2021-03-18T00:07:37","guid":{"rendered":"https:\/\/www.siamsun.asia\/?page_id=278309"},"modified":"2024-06-11T04:28:08","modified_gmt":"2024-06-11T04:28:08","slug":"thailand-tour-packages","status":"publish","type":"page","link":"https:\/\/www.siamsun.asia\/de\/thailand-tour-packages\/","title":{"rendered":"Thailand Touren und Informationen"},"content":{"rendered":"<p>[vc_row][vc_column][vc_column_text][vc_row][vc_column width=&#8220;1\/1&#8243;][vc_column_text]<\/p>\n<div class=\"deals\">\n<div class=\"row\">\n<article class=\"tour_item one-third \" data-tour-id=\"277775\">\n<div>\n<p>&nbsp;<\/p>\n<figure>\n<article data-tour-id=\"277775\">\n<figure><a href=\"https:\/\/www.siamsun.asia\/de\/tour-tag\/thailand-klassische-touren\/\"><img decoding=\"async\" loading=\"lazy\" class=\"alignnone\" title=\"Klassische Nordthailand Rundreisen\" src=\"https:\/\/www.siamsun.asia\/wp-content\/uploads\/2021\/07\/NorthernThaiClassicTours-1-e1626924326237.jpg\" alt=\"Individuelle Nordthailand Privat Touren, die man machen muss\" width=\"400\" height=\"300\" \/><\/a><\/figure>\n<div class=\"details hide-actions hide-description hide-price \">\n<div class=\"item-header\">\n<h4><a title=\"Klassische Nordthailand Rundreisen\" href=\"https:\/\/www.siamsun.asia\/de\/tour-tag\/thailand-klassische-touren\/\">Klassische Nordthailand Rundreisen<\/a><\/h4>\n<p>Hier finden Sie einige unserer klassischen mehrt\u00e4gigen Privattouren in Nordthailand mit Start entweder von Bangkok, Chiang Mai oder Chiang Rai. Unsere ma\u00dfgeschneiderten Rundreisen tauchen Sie ein in die bekannten Ausflugsziele im Norden des Landes, manchmal aber auch in die unbekannten und authentischen Dinge abseits der ausgetretenen Pfade.<br \/>\n<a href=\"https:\/\/www.siamsun.asia\/de\/tour-tag\/thailand-klassische-touren\/\"><strong>Hier klicken zum Verzeichnis der Touren<\/strong><\/a><\/p>\n<\/div>\n<\/div>\n<\/article>\n<p><!--\/\/tour_item--><\/figure>\n<\/div>\n<\/article>\n<p><!--\/\/tour_item--><\/p>\n<article class=\"tour_item one-third \" data-tour-id=\"277777\">\n<div>\n<p>&nbsp;<\/p>\n<figure>\n<article data-tour-id=\"277777\">\n<figure><a href=\"https:\/\/www.siamsun.asia\/de\/tour-tag\/kurze-touren-nordthailand\/\"><img decoding=\"async\" loading=\"lazy\" class=\"alignnone\" title=\"Nordthailand Kurztouren\" src=\"https:\/\/www.siamsun.asia\/wp-content\/uploads\/2021\/05\/NorthernThailandShortTours.jpg\" alt=\"Elefanten in Thailand und vieles mehr erleben\" width=\"400\" height=\"300\" \/><\/a><\/figure>\n<div class=\"details hide-actions hide-description hide-price \">\n<div class=\"item-header\">\n<h4><a title=\"Nordthailand Kurztouren\" href=\"https:\/\/www.siamsun.asia\/de\/tour-tag\/kurze-touren-nordthailand\/\">Nordthailand Kurztouren<\/a><\/h4>\n<p><!--\/\/details-->Sie haben etwas weniger Zeit, wollen aber trotzdem einiges sehen und erleben? Unsere Kurztouren im Norden von Thailand bieten Ihnen viel Abwechslung und unvergessliche Momente. Egal ob es sich um die H\u00f6hepunkte von Chiang Mai, Chiang Rai und Mae Hong Son handelt, einen Tag im romantischen Sukhothai oder auch die Kombination aus Thailand und Laos.<br \/>\n<a href=\"https:\/\/www.siamsun.asia\/de\/tour-tag\/kurze-touren-nordthailand\/\"><strong>Hier klicken zum Verzeichnis der Touren<\/strong><\/a><\/p>\n<\/div>\n<\/div>\n<\/article>\n<p><!--\/\/tour_item--><\/figure>\n<\/div>\n<\/article>\n<p><!--\/\/tour_item--><\/p>\n<article class=\"tour_item one-third \" data-tour-id=\"277779\">\n<div>\n<p>&nbsp;<\/p>\n<figure>\n<article data-tour-id=\"277779\">\n<figure><a href=\"https:\/\/www.siamsun.asia\/de\/tour-tag\/nordthailand-abenteuertouren\/\"><img decoding=\"async\" loading=\"lazy\" class=\"alignnone\" title=\"Trekking &amp; Soft Adventure Touren\" src=\"https:\/\/www.siamsun.asia\/wp-content\/uploads\/2021\/02\/Soft-Adventure-Trekking-1.jpg\" alt=\"Trekkingtouren Nordthailand\" width=\"400\" height=\"300\" \/><\/a><\/figure>\n<div class=\"details hide-actions hide-description hide-price \">\n<div class=\"item-header\">\n<h4><a title=\"Trekking &amp; Soft Adventure Touren\" href=\"https:\/\/www.siamsun.asia\/de\/tour-tag\/nordthailand-abenteuertouren\/\">Trekking &amp; Soft Adventure Touren<\/a><\/h4>\n<p>Mehr Aktivit\u00e4en im Norden von Thailand gehen fast nicht: Unsere vielf\u00e4ltige Palette an Aktivtouren ab Chiang Mai bietet Wanderungen in der \u00fcppig gr\u00fcnen Wildnis mit Besuchen bei D\u00f6rfern von den Bergst\u00e4mmen, Fahrradtouren, Rafting- und Kayaktouren oder auch mal Elefanten-Betreuung. Das ganze immer mitten in der wundersch\u00f6nen Natur.<br \/>\n<a href=\"https:\/\/www.siamsun.asia\/de\/tour-tag\/nordthailand-abenteuertouren\/\"><strong>Hier klicken zum Verzeichnis der Touren<\/strong><\/a><\/p>\n<\/div>\n<\/div>\n<p>&nbsp;<\/p>\n<\/article>\n<p><!--\/\/tour_item--><\/figure>\n<\/div>\n<\/article>\n<p><!--\/\/tour_item--><\/p>\n<article class=\"tour_item one-third \" data-tour-id=\"277781\">\n<div>\n<figure>\n<article data-tour-id=\"277781\">\n<figure><a href=\"https:\/\/www.siamsun.asia\/de\/tagestouren-von-chiang-mai\/\"><img decoding=\"async\" loading=\"lazy\" class=\"alignnone\" title=\"Tagestouren von Chiang Mai\" src=\"https:\/\/www.siamsun.asia\/wp-content\/uploads\/2021\/03\/cgiangmaiexcursions.jpg\" alt=\"Nordthailand Ausfl\u00fcge ab Chiang Mai\" width=\"400\" height=\"300\" \/><\/a><\/figure>\n<div class=\"details hide-actions hide-description hide-price \">\n<div class=\"item-header\">\n<h4><a title=\"Tagestouren von Chiang Mai\" href=\"https:\/\/www.siamsun.asia\/de\/tagestouren-von-chiang-mai\/\">Tagestouren von Chiang Mai<\/a><\/h4>\n<p>Unsere Tagesausfl\u00fcge ab der n\u00f6rdlichen Hauptstadt Chiang Mai bieten Ihnen authentische Erlebnisse in Nordthailand und das ganze vorallem ohne l\u00e4stiges Kofferpacken. W\u00e4hlen Sie aus zwischen einer Leisure- oder einer Aktivtagestour und vorallem was dabei den im Fokus stehen soll, Tempel, Kultur, Land &amp; Leute, Natur oder einfach Abenteuer.<br \/>\n<a href=\"https:\/\/www.siamsun.asia\/de\/tagestouren-von-chiang-mai\/\"><strong>Hier klicken zum Verzeichnis der Touren<\/strong><\/a><\/p>\n<\/div>\n<\/div>\n<\/article>\n<\/figure>\n<\/div>\n<\/article>\n<article class=\"tour_item one-third \" data-tour-id=\"277783\">\n<div>\n<figure>\n<article data-tour-id=\"277783\">\n<figure><a href=\"https:\/\/www.siamsun.asia\/de\/tour-tag\/thailand-golftouren\/\"><img decoding=\"async\" loading=\"lazy\" class=\"alignnone\" title=\"Nordthailand Golftouren\" src=\"https:\/\/www.siamsun.asia\/wp-content\/uploads\/2021\/05\/NorthernThaiGolfTours.jpg\" alt=\"Golfurlaub in Nordthailand\" width=\"400\" height=\"300\" \/><\/a><\/figure>\n<div class=\"details hide-actions hide-description hide-price \">\n<div class=\"item-header\">\n<h4><a title=\"Nordthailand Golftouren\" href=\"https:\/\/www.siamsun.asia\/de\/tour-tag\/thailand-golftouren\/\">Nordthailand Golftouren<\/a><\/h4>\n<p>Nordthailand hat viele erstklassige Golfpl\u00e4tze inmitten von bewaldetern Bergen mit malerischen Landschaften. Aber der Norden bietet auch unz\u00e4hlige nat\u00fcrliche, kulturelle und historische Orte. Golfer kommen hier in den n\u00f6rdlichsten Provinzen von Thailand auf jeden Fall auf ihre Kosten. Neben dem Golfen bleibt auch Zeit f\u00fcr Eink\u00e4ufe und Besichtigungen.<br \/>\n<a href=\"https:\/\/www.siamsun.asia\/de\/tour-tag\/thailand-golftouren\/\"><strong>Hier klicken zum Verzeichnis der Touren<\/strong><\/a><\/p>\n<\/div>\n<\/div>\n<\/article>\n<\/figure>\n<\/div>\n<\/article>\n<article class=\"tour_item one-third \" data-tour-id=\"277785\">\n<div>\n<figure>\n<article data-tour-id=\"277785\">\n<figure><a href=\"https:\/\/www.siamsun.asia\/de\/tour-package-bangkok-zentralthailand\/\"><img decoding=\"async\" loading=\"lazy\" class=\"alignnone\" title=\"Bangkok &amp; Zentralthailand\" src=\"https:\/\/www.siamsun.asia\/wp-content\/uploads\/2024\/05\/BangkokNight.jpg\" alt=\"Zentralthailand ab Bangkok erleben\" width=\"400\" height=\"300\" \/><\/a><\/figure>\n<div class=\"details hide-actions hide-description hide-price \">\n<div class=\"item-header\">\n<h4><a title=\"Bangkok &amp; Zentralthailand\" href=\"https:\/\/www.siamsun.asia\/de\/tour-package-bangkok-zentralthailand\/\">Bangkok &amp; Zentralthailand<\/a><\/h4>\n<p>Bangkok ist eines der Top-Reiseziele der Welt. Unsere Tagesausfl\u00fcge und Rundreisen ab der Hauptstadt zeigen die ganze Vielfalt vom faszinierenden Thailand. Glitzernde Tempel, jahrhundertealte Pagoden und einzigartige bunte M\u00e4rkte in- und um der pulsierenden Stadt, aber auch unbeschreiblich sch\u00f6ne Natur in den umliegenden Provinzen Zentralthailands.<br \/>\n<a href=\"https:\/\/www.siamsun.asia\/de\/tour-package-bangkok-zentralthailand\/\"><strong>Hier klicken zum Verzeichnis der Touren<\/strong><\/a><\/p>\n<\/div>\n<\/div>\n<\/article>\n<\/figure>\n<\/div>\n<\/article>\n<\/div>\n<\/div>\n<p>[\/vc_column_text][\/vc_column][\/vc_row]<\/p>\n","protected":false},"excerpt":{"rendered":"<p>[vc_row][vc_column][vc_column_text][vc_row][vc_column width=&#8220;1\/1&#8243;][vc_column_text] &nbsp; Klassische Nordthailand Rundreisen Hier finden Sie einige unserer klassischen mehrt\u00e4gigen Privattouren in Nordthailand mit Start entweder von Bangkok, Chiang Mai oder Chiang Rai. Unsere ma\u00dfgeschneiderten Rundreisen tauchen Sie ein in die bekannten Ausflugsziele im Norden des Landes, manchmal aber auch in die unbekannten und authentischen Dinge abseits der ausgetretenen Pfade. Hier klicken [&hellip;]<\/p>\n","protected":false},"author":1,"featured_media":279234,"parent":0,"menu_order":0,"comment_status":"closed","ping_status":"closed","template":"","meta":[],"_links":{"self":[{"href":"https:\/\/www.siamsun.asia\/de\/wp-json\/wp\/v2\/pages\/278309"}],"collection":[{"href":"https:\/\/www.siamsun.asia\/de\/wp-json\/wp\/v2\/pages"}],"about":[{"href":"https:\/\/www.siamsun.asia\/de\/wp-json\/wp\/v2\/types\/page"}],"author":[{"embeddable":true,"href":"https:\/\/www.siamsun.asia\/de\/wp-json\/wp\/v2\/users\/1"}],"replies":[{"embeddable":true,"href":"https:\/\/www.siamsun.asia\/de\/wp-json\/wp\/v2\/comments?post=278309"}],"version-history":[{"count":0,"href":"https:\/\/www.siamsun.asia\/de\/wp-json\/wp\/v2\/pages\/278309\/revisions"}],"wp:featuredmedia":[{"embeddable":true,"href":"https:\/\/www.siamsun.asia\/de\/wp-json\/wp\/v2\/media\/279234"}],"wp:attachment":[{"href":"https:\/\/www.siamsun.asia\/de\/wp-json\/wp\/v2\/media?parent=278309"}],"curies":[{"name":"wp","href":"https:\/\/api.w.org\/{rel}","templated":true}]}}