{"id":278386,"date":"2018-06-07T13:45:46","date_gmt":"2018-06-07T13:45:46","guid":{"rendered":"https:\/\/www.siamsun.asia\/?page_id=278386"},"modified":"2024-05-11T04:08:56","modified_gmt":"2024-05-11T04:08:56","slug":"kambodscha-tour-packages","status":"publish","type":"page","link":"https:\/\/www.siamsun.asia\/de\/kambodscha-tour-packages\/","title":{"rendered":"Kambodscha Tour Packages"},"content":{"rendered":"<div class=\"deals\">\n<div class=\"row\">\n<article class=\"tour_item one-third \" data-tour-id=\"277797\">\n<div>\n<figure>\n<div class=\"promo-ribbon \">ab Siem Reap<\/div>\n<p><img decoding=\"async\" loading=\"lazy\" class=\"attachment-thumbnail size-thumbnail wp-post-image\" title=\"cam801p\" src=\"https:\/\/www.siamsun.asia\/wp-content\/uploads\/2021\/02\/cam801p-400x300.jpg\" sizes=\"(max-width: 400px) 100vw, 400px\" srcset=\"https:\/\/www.siamsun.asia\/wp-content\/uploads\/2021\/02\/cam801p-400x300.jpg 400w, https:\/\/www.siamsun.asia\/wp-content\/uploads\/2021\/02\/cam801p-300x225.jpg 300w, https:\/\/www.siamsun.asia\/wp-content\/uploads\/2021\/02\/cam801p.jpg 600w\" alt=\"\" width=\"400\" height=\"300\" \/><\/figure>\n<div class=\"details hide-actions hide-description hide-price \">\n<div class=\"item-header\">\n<h3><a title=\"Siem Reap Schnuppertour #CAM801\" href=\"https:\/\/www.siamsun.asia\/de\/tour\/siem-reap-stopover-tour-cam801\/\">Siem Reap Schnuppertour <\/a><\/h3>\n<p><span class=\"address\"><br \/>\nab\/bis Siem Reap 3 Tage\/2 N\u00e4chte &#8211; Ein Tour Package f\u00fcr Leute mit etwas weniger Zeit, aber gerne einen Eindruck \u00fcber das K\u00f6nigreich Kambodscha gewinnen m\u00f6chten. Siem Raep ist der perfekte Ort daf\u00fcr. Das UNESCO-Weltkulturerbe hat Siem Raeps pr\u00e4chtigste heilige St\u00e4tte, Angkor Wat, als eines ihrer offiziellen &#8222;Sieben Wunder&#8220; bezeichnet. Neben Tempeln, Ruinen und Denkm\u00e4lern haben Sie auch die M\u00f6glichkeit, das l\u00e4ndliche Leben au\u00dferhalb der charmanten Stadt zu beobachten, z. B. w\u00e4hrend Sie einen Abstecher mit dem Boot zu einem der einzigartigen schwimmenden D\u00f6rfer auf dem malerischen Tonle Sap See machen.<br \/>\n<a href=\"https:\/\/www.siamsun.asia\/de\/tour\/siem-reap-stopover-tour-cam801\/\"><strong>Hier klicken zur Tourbeschreibung<\/strong><\/a><\/span><\/p>\n<p><strong>(Tourcode #CAM801)<\/strong><\/p>\n<\/div>\n<\/div>\n<p><!--\/\/details--><\/p>\n<\/div>\n<\/article>\n<p><!--\/\/tour_item--><\/p>\n<article class=\"tour_item one-third \" data-tour-id=\"277795\">\n<div>\n<figure>\n<div class=\"promo-ribbon \">ab Phnom Penh<\/div>\n<p><img decoding=\"async\" loading=\"lazy\" class=\"attachment-thumbnail size-thumbnail wp-post-image\" title=\"cam802H\" src=\"https:\/\/www.siamsun.asia\/wp-content\/uploads\/2021\/02\/cam802H-400x300.jpg\" sizes=\"(max-width: 400px) 100vw, 400px\" srcset=\"https:\/\/www.siamsun.asia\/wp-content\/uploads\/2021\/02\/cam802H-400x300.jpg 400w, https:\/\/www.siamsun.asia\/wp-content\/uploads\/2021\/02\/cam802H-300x225.jpg 300w, https:\/\/www.siamsun.asia\/wp-content\/uploads\/2021\/02\/cam802H.jpg 600w\" alt=\"\" width=\"400\" height=\"300\" \/><\/figure>\n<div class=\"details hide-actions hide-description hide-price \">\n<div class=\"item-header\">\n<h3><a title=\"Phnom Penh &amp; Angkor Wat #CAM802\" href=\"https:\/\/www.siamsun.asia\/de\/tour\/phnom-penh-angkor-wat-tour-cam802\/\">Phnom Penh &amp; Angkor Wat <\/a><\/h3>\n<p><span class=\"address\"><br \/>\nab Phnom Penh bis Siem Reap 5 Tage\/4 N\u00e4chte &#8211; Diese Rundreise beinhaltet zuerst mal die wichtigsten Sehensw\u00fcrdigkeiten der kambodschanischen Hauptstadt Phnom Penh, welche am Zusammenfluss vom Tonle Sap und dem Mekong River liegt. Sie sehen den reich verzierten K\u00f6nigspalast, die Silberpagode und andere Sehensw\u00fcrdigkeiten. Es folgt eine \u00dcberlandfahrt in n\u00f6rdlicher Richtung bis nach Siem Raep, dem Tor zu den Ruinen von Angkor und dem Sitz des Khmer-K\u00f6nigreichs aus dem 9. bis 15. Jahrhundert. Neben den unz\u00e4hligen Tempeln, Ruinen und Denkm\u00e4lern erhalten Sie auch einige Eindr\u00fccke vom l\u00e4ndlichen Leben au\u00dferhalb der Stadt.<br \/>\n<a href=\"https:\/\/www.siamsun.asia\/de\/tour\/phnom-penh-angkor-wat-tour-cam802\/\"><strong>Hier klicken zur Tourbeschreibung<\/strong><\/a><\/span><\/p>\n<p><strong>(Tourcode #CAM802)<\/strong><\/p>\n<\/div>\n<\/div>\n<p><!--\/\/details--><\/p>\n<\/div>\n<\/article>\n<p><!--\/\/tour_item--><\/p>\n<article class=\"tour_item one-third \" data-tour-id=\"277793\">\n<div>\n<figure>\n<div class=\"promo-ribbon \">ab Phnom Penh<\/div>\n<p><img decoding=\"async\" loading=\"lazy\" class=\"attachment-thumbnail size-thumbnail wp-post-image\" title=\"cam803E\" src=\"https:\/\/www.siamsun.asia\/wp-content\/uploads\/2021\/02\/cam803E-400x300.jpg\" sizes=\"(max-width: 400px) 100vw, 400px\" srcset=\"https:\/\/www.siamsun.asia\/wp-content\/uploads\/2021\/02\/cam803E-400x300.jpg 400w, https:\/\/www.siamsun.asia\/wp-content\/uploads\/2021\/02\/cam803E-300x225.jpg 300w, https:\/\/www.siamsun.asia\/wp-content\/uploads\/2021\/02\/cam803E.jpg 600w\" alt=\"\" width=\"400\" height=\"300\" \/><\/figure>\n<div class=\"details hide-actions hide-description hide-price \">\n<div class=\"item-header\">\n<h3><a title=\"Kambodscha entdecken #CAM803\" href=\"https:\/\/www.siamsun.asia\/de\/tour\/kambodscha-explorer-tour-cam803\/\">Kambodscha entdecken <\/a><\/h3>\n<p><span class=\"address\"><br \/>\nab Phnom Penh bis Siem Reap 6 Tage\/5 N\u00e4chte &#8211; Diese mehrt\u00e4gige Rundreise beginnt in der quirligen kambodschanischen Hauptstadt Phnom Penh. Bestaunen Sie hier die schimmernden T\u00fcrme des K\u00f6nigspalastes und auch die \u00fcppige Lage an der Muendung vom Tonle Sap River in den m\u00e4chtigen Mekong River. Weiter n\u00f6rdlich besuchen Sie Battambang, die f\u00fchrende Reisproduzentenprovinz des Landes und auch noch bekannt f\u00fcr den \u201cBamboo Train\u201d, eine einzigartige Attraktion in Kambodscha. Sie beenden diese Rundreise in Siem Reap mit Besichtigung der Ruinen und Monumente von Angkor Wat, sowie einer Bootsfahrt auf dem Tonle Sap See.<br \/>\n<a href=\"https:\/\/www.siamsun.asia\/de\/tour\/kambodscha-explorer-tour-cam803\/\"><strong>Hier klicken zur Tourbeschreibung<\/strong><\/a><\/span><\/p>\n<p><strong>(Tourcode #CAM803)<\/strong><\/p>\n<\/div>\n<\/div>\n<p><!--\/\/details--><\/p>\n<\/div>\n<\/article>\n<p><!--\/\/tour_item--><\/p>\n<article class=\"tour_item one-third \" data-tour-id=\"277791\">\n<div>\n<figure>\n<div class=\"promo-ribbon \">ab Siem Reap<\/div>\n<p><img decoding=\"async\" loading=\"lazy\" class=\"attachment-thumbnail size-thumbnail wp-post-image\" title=\"cam804i\" src=\"https:\/\/www.siamsun.asia\/wp-content\/uploads\/2021\/02\/cam804i-400x300.jpg\" sizes=\"(max-width: 400px) 100vw, 400px\" srcset=\"https:\/\/www.siamsun.asia\/wp-content\/uploads\/2021\/02\/cam804i-400x300.jpg 400w, https:\/\/www.siamsun.asia\/wp-content\/uploads\/2021\/02\/cam804i-300x225.jpg 300w, https:\/\/www.siamsun.asia\/wp-content\/uploads\/2021\/02\/cam804i.jpg 600w\" alt=\"\" width=\"400\" height=\"300\" \/><\/figure>\n<div class=\"details hide-actions hide-description hide-price \">\n<div class=\"item-header\">\n<h3><a title=\"Von Siem Reap nach Suedlaos #CAM804\" href=\"https:\/\/www.siamsun.asia\/de\/tour\/von-angkor-nach-suedlaos-tour-cam804\/\">Von Siem Reap nach S\u00fcdlaos <\/a><\/h3>\n<p><span class=\"address\"><br \/>\nab Siem Reap bis Pakse 5 Tage\/4 N\u00e4chte &#8211; Dies ist eine \u00dcberlandtour von Kambodscha in den landschaftlich reizvollen S\u00fcden von Laos. Sie beginnen mit der Tour in Siem Reap. Die Route f\u00fchrt Sie zuerst nach Kampong Thom und sp\u00e4ter entlang vom Mekong bis nach Kratie. Unterwegs bekommen Sie Eindr\u00fccke vom einfachen Leben auf dem Lande. Danach geht es \u00fcber die Grenze nach Laos. Bestaunen Sie hier gleich mal Khone Phapheng, den gr\u00f6\u00dften Wasserfall am Mekong. Danach bereisen Sie noch das Bolaven-Plateau mit gro\u00dfartiger Landschaft, ethnischen D\u00f6rfern und traditionellen Kaffeeplantagen, bevor Sie in Pakse ankommen.<br \/>\n<a href=\"https:\/\/www.siamsun.asia\/de\/tour\/von-angkor-nach-suedlaos-tour-cam804\/\"><strong>Hier klicken zur Tourbeschreibung<\/strong><\/a><\/span><\/p>\n<p><strong>(Tourcode #CAM804)<\/strong><\/p>\n<\/div>\n<\/div>\n<p><!--\/\/details--><\/p>\n<\/div>\n<\/article>\n<p><!--\/\/tour_item--><\/p>\n<article class=\"tour_item one-third \" data-tour-id=\"277788\">\n<div>\n<figure>\n<div class=\"promo-ribbon \">ab Siem Reap<\/div>\n<p><img decoding=\"async\" loading=\"lazy\" class=\"attachment-thumbnail size-thumbnail wp-post-image\" title=\"cam805C\" src=\"https:\/\/www.siamsun.asia\/wp-content\/uploads\/2021\/02\/cam805A-400x300.jpg\" sizes=\"(max-width: 400px) 100vw, 400px\" srcset=\"https:\/\/www.siamsun.asia\/wp-content\/uploads\/2021\/02\/cam805A-400x300.jpg 400w, https:\/\/www.siamsun.asia\/wp-content\/uploads\/2021\/02\/cam805A-300x225.jpg 300w, https:\/\/www.siamsun.asia\/wp-content\/uploads\/2021\/02\/cam805A.jpg 600w\" alt=\"\" width=\"400\" height=\"300\" \/><\/figure>\n<div class=\"details hide-actions hide-description hide-price \">\n<div class=\"item-header\">\n<h3><a title=\"Von Angkor Wat zum Mekong Delta #CAM805\" href=\"https:\/\/www.siamsun.asia\/de\/tour\/von-angkor-ins-mekong-delta-tour-cam805\/\">Von Angkor zum Mekong Delta<\/a><\/h3>\n<p><span class=\"address\"><br \/>\nab Siem Reap bis Ho Chi Minh City (Saigon) 5 Tage-4 N\u00e4chte &#8211; Eine \u00dcberlandreise von Siem Reap in Kambodscha bis nach Ho-Chi Minh Stadt (Saigon), der Metropole im S\u00fcden Vietnams. Der erste Teil f\u00fchrt Sie in die kambodschanische Hauptstadt Phnom Penh. Von hier aus fahren Sie mit einem komfortablen Schnellboot den Mekong hinunter und \u00fcberqueren die Grenze nach Vietnam. Von Chau Doc aus entdecken Sie das Mekong-Delta, ein riesiges Labyrinth aus Fl\u00fcssen, S\u00fcmpfen und Inseln, in dem sich auch viele bunte und quirlige schwimmende M\u00e4rkte befinden. Die letzte Etappe bringt Sie von Can Tho nach Ho Chi Minh Citz (Saigon), wo diese Rundreise endet.<br \/>\n<a href=\"https:\/\/www.siamsun.asia\/de\/tour\/von-angkor-ins-mekong-delta-tour-cam805\/\"><strong>Hier klicken zur Tourbeschreibung<\/strong><\/a><\/span><\/p>\n<p><strong>(Tourcode #CAM805)<\/strong><\/p>\n<\/div>\n<\/div>\n<p><!--\/\/details--><\/p>\n<\/div>\n<\/article>\n<p><!--\/\/tour_item--><\/p>\n<article class=\"tour_item one-third \" data-tour-id=\"277786\">\n<div>\n<figure>\n<div class=\"promo-ribbon \">ab Siem Reap<\/div>\n<p><img decoding=\"async\" loading=\"lazy\" class=\"attachment-thumbnail size-thumbnail wp-post-image\" title=\"cam806s\" src=\"https:\/\/www.siamsun.asia\/wp-content\/uploads\/2021\/02\/cam806s-400x300.jpg\" sizes=\"(max-width: 400px) 100vw, 400px\" srcset=\"https:\/\/www.siamsun.asia\/wp-content\/uploads\/2021\/02\/cam806s-400x300.jpg 400w, https:\/\/www.siamsun.asia\/wp-content\/uploads\/2021\/02\/cam806s-300x225.jpg 300w, https:\/\/www.siamsun.asia\/wp-content\/uploads\/2021\/02\/cam806s.jpg 600w\" alt=\"\" width=\"400\" height=\"300\" \/><\/figure>\n<div class=\"details hide-actions hide-description hide-price \">\n<div class=\"item-header\">\n<h3><a title=\"Angkor Delight Tour #CAM806\" href=\"https:\/\/www.siamsun.asia\/de\/tour\/angkor-delight-tour-cam806\/\">Angkor Delight <\/a><\/h3>\n<p><span class=\"address\"><br \/>\nab\/bis Siem Reap 4 Tage\/3 N\u00e4chte &#8211; Erkunden Sie Siem Reap, das Tor zu den Ruinen von Angkor, dem Sitz des Khmer-K\u00f6nigreichs aus dem 9. bis 15. Jahrhundert. Es umfasst Angkor Wat, den Haupttempel, die riesigen mysteri\u00f6sen Gesichter, die in den Bayon-Tempel in Angkor Thom gehauen wurden, die Rolous-Gruppe von Tempeln, Bantheay Srei und Bantheay Samre. Zu guter letzt genie\u00dfen Sie eine Bootsfahrt zu einem schwimmenden Dorf auf dem Tonle Sap See. Es bleibt Ihnen auch gen\u00fcgend Zeit um Siem Reap selbst zu entdecken, z. B. bei einem Spaziergang an der sch\u00f6nen Flusspromenade oder nach Einbruch der Dunkelheit im Trubel der Pub Street.<br \/>\n<a href=\"https:\/\/www.siamsun.asia\/de\/tour\/angkor-delight-tour-cam806\/\"><strong>Hier klicken zur Tourbeschreibung<\/strong><\/a><\/span><\/p>\n<p><strong>(Tourcode #CAM806)<\/strong>Reiseziele in Kambodscha<\/p>\n<\/div>\n<\/div>\n<\/div>\n<\/article>\n<\/div>\n<\/div>\n","protected":false},"excerpt":{"rendered":"<p>ab Siem Reap Siem Reap Schnuppertour ab\/bis Siem Reap 3 Tage\/2 N\u00e4chte &#8211; Ein Tour Package f\u00fcr Leute mit etwas weniger Zeit, aber gerne einen Eindruck \u00fcber das K\u00f6nigreich Kambodscha gewinnen m\u00f6chten. Siem Raep ist der perfekte Ort daf\u00fcr. Das UNESCO-Weltkulturerbe hat Siem Raeps pr\u00e4chtigste heilige St\u00e4tte, Angkor Wat, als eines ihrer offiziellen &#8222;Sieben Wunder&#8220; [&hellip;]<\/p>\n","protected":false},"author":1,"featured_media":279196,"parent":0,"menu_order":0,"comment_status":"closed","ping_status":"closed","template":"","meta":[],"_links":{"self":[{"href":"https:\/\/www.siamsun.asia\/de\/wp-json\/wp\/v2\/pages\/278386"}],"collection":[{"href":"https:\/\/www.siamsun.asia\/de\/wp-json\/wp\/v2\/pages"}],"about":[{"href":"https:\/\/www.siamsun.asia\/de\/wp-json\/wp\/v2\/types\/page"}],"author":[{"embeddable":true,"href":"https:\/\/www.siamsun.asia\/de\/wp-json\/wp\/v2\/users\/1"}],"replies":[{"embeddable":true,"href":"https:\/\/www.siamsun.asia\/de\/wp-json\/wp\/v2\/comments?post=278386"}],"version-history":[{"count":0,"href":"https:\/\/www.siamsun.asia\/de\/wp-json\/wp\/v2\/pages\/278386\/revisions"}],"wp:featuredmedia":[{"embeddable":true,"href":"https:\/\/www.siamsun.asia\/de\/wp-json\/wp\/v2\/media\/279196"}],"wp:attachment":[{"href":"https:\/\/www.siamsun.asia\/de\/wp-json\/wp\/v2\/media?parent=278386"}],"curies":[{"name":"wp","href":"https:\/\/api.w.org\/{rel}","templated":true}]}}