{"id":278389,"date":"2021-02-27T05:46:22","date_gmt":"2021-02-27T05:46:22","guid":{"rendered":"https:\/\/www.siamsun.asia\/?page_id=278389"},"modified":"2024-08-09T06:38:58","modified_gmt":"2024-08-09T06:38:58","slug":"laos-tour-packages","status":"publish","type":"page","link":"https:\/\/www.siamsun.asia\/de\/laos-tour-packages\/","title":{"rendered":"Laos Tour Packages"},"content":{"rendered":"<div class=\"deals\">\n<div class=\"row\">\n<article class=\"tour_item one-third \" data-tour-id=\"277809\">\n<div>\n<p>&nbsp;<\/p>\n<figure>\n<div class=\"promo-ribbon \">ab Chiang Mai<\/div>\n<p><img decoding=\"async\" loading=\"lazy\" class=\"attachment-thumbnail size-thumbnail wp-post-image\" title=\"lao708B\" src=\"https:\/\/www.siamsun.asia\/wp-content\/uploads\/2021\/02\/lao708B-1-400x300.jpg\" sizes=\"(max-width: 400px) 100vw, 400px\" srcset=\"https:\/\/www.siamsun.asia\/wp-content\/uploads\/2021\/02\/lao708B-1-400x300.jpg 400w, https:\/\/www.siamsun.asia\/wp-content\/uploads\/2021\/02\/lao708B-1-300x225.jpg 300w, https:\/\/www.siamsun.asia\/wp-content\/uploads\/2021\/02\/lao708B-1-768x576.jpg 768w, https:\/\/www.siamsun.asia\/wp-content\/uploads\/2021\/02\/lao708B-1-600x450.jpg 600w, https:\/\/www.siamsun.asia\/wp-content\/uploads\/2021\/02\/lao708B-1.jpg 900w\" alt=\"\" width=\"400\" height=\"300\"><\/figure>\n<div class=\"details hide-actions hide-description hide-price \">\n<div class=\"item-header\">\n<h3><a title=\"Auf dem Mekong nach Luang Prabang Tour #LAO708\" href=\"https:\/\/www.siamsun.asia\/de\/tour\/auf-dem-mekong-nach-luang-prabang-tour-lao708\/\">Via Mekong bis Luang Prabang<\/a><\/h3>\n<p><span class=\"address\"><br \/>\nab Chiang Mai bis Luang Prabang 3 Tage\/2 N\u00e4chte &#8211; Eine kurze \u00dcberlandtour, welche Chiang Mai, die Rose des Nordens in Thailand mit Luang Prabang, der ehemaligen K\u00f6nigsstadt in Laos, verbindet. Beginnen Sie diese Reise mit einer privaten Tagestour von der n\u00f6rdlichen Metropole Thailands nach Chiang Khong, der Grenzstadt am Mekong und dem Tor zu Laos. Die n\u00e4chsten beiden Tage werden Sie die meiste Zeit auf dem Fluss verbringen. Erleben Sie die Sch\u00e4tze des Mekong, einer der aufregendsten Wasserstra\u00dfen der Welt, w\u00e4hrend Sie sich auf einem komfortablen Boot entspannen. Geniessen Sie dabei faszinierende Flusslandschaften, unber\u00fchrte Bergwildnis, beeindruckende Felsformationen und auch die Begegnungen in abgelegenen D\u00f6rfern am Flussufer, bevor diese Reise in Luang Prabang endet.<br \/>\n<a href=\"https:\/\/www.siamsun.asia\/de\/tour\/auf-dem-mekong-nach-luang-prabang-tour-lao708\/\"><strong>Hier klicken zur Tourbeschreibung<\/strong><\/a><\/span><\/p>\n<p><strong>(Tourcode #LAO708)<\/strong><\/p>\n<\/div>\n<\/div>\n<p><!--\/\/details--><\/p>\n<\/div>\n<\/article>\n<p><!--\/\/tour_item--><\/p>\n<article class=\"tour_item one-third \" data-tour-id=\"277807\">\n<div>\n<p>&nbsp;<\/p>\n<figure>\n<div class=\"promo-ribbon \">ab Chiang Rai<\/div>\n<p><img decoding=\"async\" loading=\"lazy\" class=\"attachment-thumbnail size-thumbnail wp-post-image\" title=\"LAO705HillsAndRiversInTheNorth\" src=\"https:\/\/www.siamsun.asia\/wp-content\/uploads\/2021\/02\/LAO705k-400x300.jpg\" alt=\"\" width=\"400\" height=\"300\"><\/figure>\n<div class=\"details hide-actions hide-description hide-price \">\n<div class=\"item-header\">\n<h3><a title=\"Berge und Fluesse in Nordlaos Tour #LAO705\" href=\"https:\/\/www.siamsun.asia\/de\/tour\/berge-und-fluesse-in-nordlaos-tour-lao705\/\">Berge und Fl\u00fcsse in Nordlaos <\/a><\/h3>\n<p><span class=\"address\"><br \/>\nab Chiang Rai bis Luang Prabang 6 Tage\/5 N\u00e4chte &#8211; Ein Tour Package f\u00fcr Leute die sich mehr f\u00fcr die l\u00e4ndlichen Gebiete von Nordlaos interessieren. Hier erwarten Sie endlose T\u00e4ler mit Reisfeldern, zerkl\u00fcftete Berge und verzweigte Fl\u00fcsse, wo Sie den traditionellen Lebensstil auf dem Land beobachten k\u00f6nnen. Beginn der Rundreise ist in Chiang Rai, der n\u00f6rdlichsten Provinz von Thailand mit einer reizvollen Bootsfahrt auf dem m\u00e4chtigen Mekong Fluss. Weiter geht es auf der Strasse durch l\u00e4ndliche Gebiete, vorbei an unz\u00e4hligen D\u00f6rfern von den ethnischen Minderheiten. Sp\u00e4ter wechseln Sie wieder aufs Boot. Auf dem Ou River genie\u00dfen Sie atemberaubende Landschaften mit steilen Kalksteinfelsen die den umliegenden Wald einrahmen. Schlie\u00dflich erreichen Sie Luang Prabang, ein UNESCO-Weltkulturerbe.<br \/>\n<a href=\"https:\/\/www.siamsun.asia\/de\/tour\/berge-und-fluesse-in-nordlaos-tour-lao705\/\"><strong>Hier klicken zur Tourbeschreibung<\/strong><\/a><\/span><\/p>\n<p><strong>(Tourcode #LAO705)<\/strong><\/p>\n<\/div>\n<\/div>\n<p><!--\/\/details--><\/p>\n<\/div>\n<\/article>\n<p><!--\/\/tour_item--><\/p>\n<article class=\"tour_item one-third \" data-tour-id=\"277805\">\n<div>\n<p>&nbsp;<\/p>\n<figure>\n<div class=\"promo-ribbon \">ab Luang Prabang<\/div>\n<p><img decoding=\"async\" loading=\"lazy\" class=\"attachment-thumbnail size-thumbnail wp-post-image\" title=\"LAO702LaosDiscoveryTour\" src=\"https:\/\/www.siamsun.asia\/wp-content\/uploads\/2021\/02\/LAO702LaosDiscoveryTour-400x300.jpg\" alt=\"\" width=\"400\" height=\"300\"><\/figure>\n<div class=\"details hide-actions hide-description hide-price \">\n<div class=\"item-header\">\n<h3><a title=\"Laos Discovery Tour #LAO702\" href=\"https:\/\/www.siamsun.asia\/de\/tour\/laos-discovery-tour-lao702\/\">Laos Entdecker Tour <\/a><\/h3>\n<p><span class=\"address\"><br \/>\nab Luang Prabang bis Vientiane 5 Tage\/4 N\u00e4chte &#8211; Diese gef\u00fchrte Privatrundreise hat den Fokus auf eine klassische Route in Laos gelegt und Sie starten in Luang Prabang, dem ersten UNESCO-Weltkulturerbe des Landes. Es erwartet Sie eine faszinierende Stadt mit unz\u00e4hligen Tempeln, welche von einer atemberaubender Natur umgeben ist, die Sie bei einer Bootsafhrt auf dem Mekong bestaunen d\u00fcrfen. Sp\u00e4ter fahren Sie auf einer landschaftlich sehr reizvollen Route durch die Bergwildnis nach Vangvieng, einer kleinen Stadt am Ufer des Nam Song River in einer tollen Landschaft gelegen mit malerischen Kalksteinfelsen und Reisfeldern. Zu guter letzt genie\u00dfen Sie eine Besichtigungstour in Vientiane, der Hauptstadt von Laos. Hier endet Ihre unvergessliche Reise in diesem Binnenland von S\u00fcdostasien.<br \/>\n<a href=\"https:\/\/www.siamsun.asia\/de\/tour\/laos-discovery-tour-lao702\/\"><strong>Hier klicken zur Tourbeschreibung<\/strong><\/a><\/span><\/p>\n<p><strong>(Tourcode #LAO702)<\/strong><\/p>\n<\/div>\n<\/div>\n<p><!--\/\/details--><\/p>\n<\/div>\n<\/article>\n<p><!--\/\/tour_item--><\/p>\n<article class=\"tour_item one-third \" data-tour-id=\"277812\">\n<div>\n<p>&nbsp;<\/p>\n<figure>\n<div class=\"promo-ribbon \">ab Luang Prabang<\/div>\n<p><img decoding=\"async\" loading=\"lazy\" class=\"attachment-thumbnail size-thumbnail wp-post-image\" title=\"LAO704LuangPrabangHighlights\" src=\"https:\/\/www.siamsun.asia\/wp-content\/uploads\/2021\/02\/LAO704LuangPrabangHighlights-400x300.jpg\" alt=\"\" width=\"400\" height=\"300\"><\/figure>\n<div class=\"details hide-actions hide-description hide-price \">\n<div class=\"item-header\">\n<h3><a title=\"Luang Prabang Highlights Tour #LAO704\" href=\"https:\/\/www.siamsun.asia\/de\/tour\/luang-prabang-highlights-tour-lao704\/\">Luang Prabang Schnuppertour&nbsp; <\/a><\/h3>\n<p><span class=\"address\"><br \/>\nab\/bis Luang Prabang 4 Tage\/3 N\u00e4chte &#8211; Ein ideales Tour Package f\u00fcr Leute mit etwas weniger Zeit, die aber trotzdem ein paar Eindr\u00fccke \u00fcber Laos bekommen m\u00f6chten. Daf\u00fcr ist Luang Prabang definitiv die richtige Wahl. Es ist immer noch eine verschlafene, aber bemerkenswerte Stadt im n\u00f6rdlichen Teil von Laos. Es ist auch die ehemalige k\u00f6nigliche Hauptstadt mit toller Lage zwischen den Fl\u00fcssen Mekong und Nam Khan. Die Stadt bietet Ihnen viele historische und kulturelle Sehensw\u00fcrdigkeiten, die wundersch\u00f6n und noch unber\u00fchrt von der modernen Welt sind. Au\u00dferdem ist die Umgebung voller Natur-Attraktionen, die es zu erkunden gilt. Eine malerische Bootsfahrt auf dem Mekong zur M\u00fcndung des Ou River mit einem Besuch der heiligen Thum Ting H\u00f6hlen runden dieses Package&nbsp; schlussendlich ab.<br \/>\n<a href=\"https:\/\/www.siamsun.asia\/de\/tour\/luang-prabang-highlights-tour-lao704\/\"><strong>Hier klicken zur Tourbeschreibung<\/strong><\/a><\/span><\/p>\n<p><strong>(Tourcode #LAO704)<\/strong><\/p>\n<\/div>\n<\/div>\n<p><!--\/\/details--><\/p>\n<\/div>\n<\/article>\n<p><!--\/\/tour_item--><\/p>\n<article class=\"tour_item one-third \" data-tour-id=\"277803\">\n<div>\n<p>&nbsp;<\/p>\n<figure>\n<div class=\"promo-ribbon \">ab Luang Prabang<\/div>\n<p><img decoding=\"async\" loading=\"lazy\" class=\"attachment-thumbnail size-thumbnail wp-post-image\" title=\"LAO707ThePlainOfJars\" src=\"https:\/\/www.siamsun.asia\/wp-content\/uploads\/2021\/02\/LAO707ThePlainOfJars-400x300.jpg\" alt=\"\" width=\"400\" height=\"300\"><\/figure>\n<div class=\"details hide-actions hide-description hide-price \">\n<div class=\"item-header\">\n<h3><a title=\"Die Ebene der Tonkruege Tour #LAO707\" href=\"https:\/\/www.siamsun.asia\/de\/tour\/die-ebene-der-tonkruege-tour-lao707\/\">Die Ebene der Steinkr\u00fcge <\/a><\/h3>\n<p><span class=\"address\"><br \/>\nab Luang Prabang bis Vientiane 4 Tage\/3 N\u00e4chte &#8211; Diese Privatrundreise wird von der laotischen Bergwildnis und vor allem von der Ebene der Steinkr\u00fcge an den unteren Ausl\u00e4ufern der zentralen Hochebene dominiert. Beginn der Reise wird in Luang Prabang sein. Fahren Sie zuerst entlang einiger der unglaublichen Landschaften in Laos \u00fcber eine landschaftlich sehr reizvolle Route nach Phonsavan. Hier k\u00f6nnen Sie die mysteri\u00f6se Ebene der Steinkr\u00fcge erkundigen, eine Landschaft mit massiven Steinkr\u00fcgen, die vor Tausenden von Jahren aus Sandstein gehauen wurden. Ein einzigartiger Ort auf unserem Planeten in der Tat! Das letzte Teilst\u00fcck f\u00fchrt Sie schlussendlich in die Hauptstadt Vientiane, wo wir Sie auf eine kurze Stadtrundfahrt mitnehmen, um Ihnen auch hier noch die wichtigsten Sehensw\u00fcrdigkeiten zu zeigen.<br \/>\n<a href=\"https:\/\/www.siamsun.asia\/de\/tour\/die-ebene-der-tonkruege-tour-lao707\/\"><strong>Hier klicken zur Tourbeschreibung<\/strong><\/a><\/span><\/p>\n<p><strong>(Tourcode #LAO707)<\/strong><\/p>\n<\/div>\n<\/div>\n<p><!--\/\/details--><\/p>\n<\/div>\n<\/article>\n<p><!--\/\/tour_item--><\/p>\n<article class=\"tour_item one-third \" data-tour-id=\"277971\">\n<div>\n<p>&nbsp;<\/p>\n<figure>\n<div class=\"promo-ribbon \">ab Pakse<\/div>\n<p><img decoding=\"async\" loading=\"lazy\" class=\"attachment-thumbnail size-thumbnail wp-post-image\" title=\"LAO711SouthernLaosHighlights\" src=\"https:\/\/www.siamsun.asia\/wp-content\/uploads\/2021\/02\/LAO711m-400x300.jpg\" alt=\"\" width=\"\" height=\"300\"><\/figure>\n<div class=\"details hide-actions hide-description hide-price \">\n<div class=\"item-header\">\n<h3><a title=\"Suedlaos Highlights Tour #LAO711\" href=\"https:\/\/www.siamsun.asia\/de\/tour\/suedlaos-highlights-tour-lao711\/\">Den S\u00fcden von Laos entdecken<\/a><\/h3>\n<p><span class=\"address\"><br \/>\nab\/bis Pakse 4 Tage\/3 N\u00e4chte &#8211; Atemberaubende Landschaften, antike Tempel, entspannende Inseln und Kaffeeplantagen, im S\u00fcden von Laos ist f\u00fcr jederman etwas dabei. Diese gef\u00fchrte Rundreise beginnt in Pakse, dem wichtigsten Handels- und Verkehrsknotenpunkt in S\u00fcdlaos. Reisen Sie zuerst von Pakse zum Bolaven-Plateau, wo Kaffeeplantagen, malerische Wasserf\u00e4lle und ethnische D\u00f6rfer auf Sie warten. In Champasak, einem Ort von Geschichte und Tradition, schlendern Sie durch den alten Vat Phou Khmer Tempel. Entspannen Sie sich auf den 4000 Inseln, einem einzigartigen Flussarchipel im Mekong und beobachten dabei das traditionelle Dorfleben am Flussufer. Und zu guter letzt besichtige Sie die spektakul\u00e4ren Kaskaden von Kone Phabeng, wo der Mekong um etwa 20 Meter in die Tiefe st\u00fcrzt.<br \/>\n<a href=\"https:\/\/www.siamsun.asia\/de\/tour\/suedlaos-highlights-tour-lao711\/\"><strong>Hier klicken zur Tourbeschreibung<\/strong><\/a><\/span><\/p>\n<p><strong>(Tourcode #LAO711)<\/strong><\/p>\n<\/div>\n<\/div>\n<p><!--\/\/details--><\/p>\n<\/div>\n<\/article>\n<p><!--\/\/tour_item--><\/p>\n<\/div>\n<\/div>\n","protected":false},"excerpt":{"rendered":"<p>&nbsp; ab Chiang Mai Via Mekong bis Luang Prabang ab Chiang Mai bis Luang Prabang 3 Tage\/2 N\u00e4chte &#8211; Eine kurze \u00dcberlandtour, welche Chiang Mai, die Rose des Nordens in Thailand mit Luang Prabang, der ehemaligen K\u00f6nigsstadt in Laos, verbindet. Beginnen Sie diese Reise mit einer privaten Tagestour von der n\u00f6rdlichen Metropole Thailands nach Chiang [&hellip;]<\/p>\n","protected":false},"author":1,"featured_media":279199,"parent":0,"menu_order":0,"comment_status":"closed","ping_status":"closed","template":"","meta":[],"_links":{"self":[{"href":"https:\/\/www.siamsun.asia\/de\/wp-json\/wp\/v2\/pages\/278389"}],"collection":[{"href":"https:\/\/www.siamsun.asia\/de\/wp-json\/wp\/v2\/pages"}],"about":[{"href":"https:\/\/www.siamsun.asia\/de\/wp-json\/wp\/v2\/types\/page"}],"author":[{"embeddable":true,"href":"https:\/\/www.siamsun.asia\/de\/wp-json\/wp\/v2\/users\/1"}],"replies":[{"embeddable":true,"href":"https:\/\/www.siamsun.asia\/de\/wp-json\/wp\/v2\/comments?post=278389"}],"version-history":[{"count":0,"href":"https:\/\/www.siamsun.asia\/de\/wp-json\/wp\/v2\/pages\/278389\/revisions"}],"wp:featuredmedia":[{"embeddable":true,"href":"https:\/\/www.siamsun.asia\/de\/wp-json\/wp\/v2\/media\/279199"}],"wp:attachment":[{"href":"https:\/\/www.siamsun.asia\/de\/wp-json\/wp\/v2\/media?parent=278389"}],"curies":[{"name":"wp","href":"https:\/\/api.w.org\/{rel}","templated":true}]}}