{"id":278404,"date":"2018-03-05T15:42:17","date_gmt":"2018-03-05T15:42:17","guid":{"rendered":"https:\/\/www.siamsun.asia\/?page_id=278404"},"modified":"2024-05-11T04:16:24","modified_gmt":"2024-05-11T04:16:24","slug":"vietnam-tour-packsges","status":"publish","type":"page","link":"https:\/\/www.siamsun.asia\/de\/vietnam-tour-packsges\/","title":{"rendered":"Vietnam Tour Packages"},"content":{"rendered":"<div class=\"deals\">\n<div class=\"row\">\n<article class=\"tour_item one-third \" data-tour-id=\"277785\">\n<div>\n<figure>\n<div class=\"promo-ribbon \">ab Hanoi<\/div>\n<p><img decoding=\"async\" loading=\"lazy\" class=\"attachment-thumbnail size-thumbnail wp-post-image\" title=\"VIE902Hanoi&amp;HalongBay\" src=\"https:\/\/www.siamsun.asia\/wp-content\/uploads\/2021\/02\/VIE902HanoiHalongBay-400x300.jpg\" alt=\"\" width=\"400\" height=\"300\"><\/figure>\n<div class=\"details hide-actions hide-description hide-price \">\n<div class=\"item-header\">\n<h3><a title=\"Hanoi &amp; Halong Bay Tour #VIE902\" href=\"https:\/\/www.siamsun.asia\/de\/tour\/hanoi-halong-bay-tour-vie902\/\">Hanoi und die Halong Bucht <\/a><\/h3>\n<p><span class=\"address\"><br \/>\nab\/bis Hanoi 5 Tage\/4 N\u00e4chte &#8211; Dies ist ein Tour Package mit dem Schwerpunkt auf der vietnamesischen Hauptstadt Hanoi, sowie der malerischen Halong-Bucht. Auf Ihrer Entdeckertour im Stadtzentrum k\u00f6nnen Sie u. a. sehr gut erhaltene Kolonialgeb\u00e4ude, alte Pagoden und einzigartigen Museen sehen. Hanoi ist auch ideal um vieles zu Fuss zu erkunden. F\u00fcr die meisten Erstbesucher in Vietnam ist aber der Ausflug in die Halong-Bucht nach wie vor der absolute H\u00f6hepunkt. Eine Bucht von einzigartiger Sch\u00f6nheit mit hoch aufragenden Kalksteinkarsts machen es zu einem Naturwunder des UNESCO-Weltkulturerbe. Entspannen Sie sich, w\u00e4hrend Sie durch diese atemberaubende Landschaft schweben, gefolgt von einem k\u00f6stlichen Abendessen und einer \u00dcbernachtung auf der Dschunke, die inmitten der wundersch\u00f6nen Formationen der Kalksteine verankert ist.<br \/>\n<a href=\"https:\/\/www.siamsun.asia\/de\/tour\/hanoi-halong-bay-tour-vie902\/\"><strong>Hier klicken zur Tourbeschreibung<\/strong><\/a><\/span><\/p>\n<p><strong>(Tourcode #VIE902)<\/strong><\/p>\n<\/div>\n<\/div>\n<p><!--\/\/details--><\/p>\n<\/div>\n<\/article>\n<p><!--\/\/tour_item--><\/p>\n<article class=\"tour_item one-third \" data-tour-id=\"277783\">\n<div>\n<figure>\n<div class=\"promo-ribbon \">ab Hanoi<\/div>\n<p><img decoding=\"async\" loading=\"lazy\" class=\"attachment-thumbnail size-thumbnail wp-post-image\" title=\"VIE903HighlightsNorthernVietnam\" src=\"https:\/\/www.siamsun.asia\/wp-content\/uploads\/2021\/02\/VIE903HighlightsNorthernVietnam-400x300.jpg\" alt=\"\" width=\"400\" height=\"300\"><\/figure>\n<div class=\"details hide-actions hide-description hide-price \">\n<div class=\"item-header\">\n<h3><a title=\"Highlights in Vietnams Norden Tour #VIE903\" href=\"https:\/\/www.siamsun.asia\/de\/tour\/highlights-in-vietnams-norden-tour-vie903\/\">Nord-Vietnam Entdeckertour<\/a><\/h3>\n<p><span class=\"address\"><br \/>\nab\/bis Hanoi 6 Tage\/5 N\u00e4chte &#8211; Diese private Rundreise ab der Hauptstadt Hanoi zeigt einige der sch\u00f6nsten Attraktionen und bietet erstaunliche Erlebnisse im n\u00f6rdlichen Teil von Vietnam. Beginnen Sie mit einer Stadtrundfahrt in Hanoi. Neben den wichtigsten Sehensw\u00fcrdigkeiten erleben Sie auch die quirlige Altstadt mit den vielen engen Gassen. Beobachten Sie das bunte Treiben. Danach ist Mai Chau der totale Kontrast. Ein l\u00e4ndliches Tal mit weiten Reisfeldern, Karstbergen, malerischen D\u00f6rfern mit H\u00e4usern aus Holz und Bambus auf Stelzen. Hier wohnen die Tai Kao und Tai Dam Minderheiten mit ihrer einzigartigen Kultur. Sp\u00e4ter in Ninh Binh warten magische Flusslandschaften mit Kalksteinbergen entlang der schimmernden Fl\u00fcsse. Zu guter letzt runden Sie Ihre Tour durch den Norden auf einer Dschunke in der atemberaubenden Halong Bucht ab.<br \/>\n<a href=\"https:\/\/www.siamsun.asia\/de\/tour\/highlights-in-vietnams-norden-tour-vie903\/\"><strong>Hier klicken zur Tourbeschreibung<\/strong><\/a><\/span><\/p>\n<p><strong>(Tourcode #VIE903)<\/strong><\/p>\n<\/div>\n<\/div>\n<p><!--\/\/details--><\/p>\n<\/div>\n<\/article>\n<p><!--\/\/tour_item--><\/p>\n<article class=\"tour_item one-third \" data-tour-id=\"277781\">\n<div>\n<figure>\n<div class=\"promo-ribbon \">ab Hanoi<\/div>\n<p><img decoding=\"async\" loading=\"lazy\" class=\"attachment-thumbnail size-thumbnail wp-post-image\" title=\"VIE904SapaDiscovery\" src=\"https:\/\/www.siamsun.asia\/wp-content\/uploads\/2021\/02\/VIE904i-400x300.jpg\" alt=\"\" width=\"400\" height=\"300\"><\/figure>\n<div class=\"details hide-actions hide-description hide-price \">\n<div class=\"item-header\">\n<h3><a title=\"Sapa Discovery Tour #VIE904\" href=\"https:\/\/www.siamsun.asia\/de\/tour\/sapa-discovery-tour-vie904\/\">Berge und Reisterrassen in Sapa<\/a><\/h3>\n<p><span class=\"address\"><br \/>\nab\/bis Hanoi 5 Tage\/4 N\u00e4chte &#8211; Ausgangspunkt dieser Tour in die Bergwelt der nordwestlichen Region des Landes ist Hanoi. Vietnams Hauptstadt liegt am Westufer des Roten Flusses, ist bekannt f\u00fcr seine jahrhundertealte Architektur und eine reiche Kultur mit s\u00fcdostasiatischen, chinesischen und franz\u00f6sischen Einfl\u00fcssen. Von hier aus geht es in Richtung Nordwesten und Sie entdecken Sapa, die Stadt der vier Jahreszeiten. Ein abgelegenes St\u00e4dtchen, umgeben von tiefen T\u00e4lern mit herrlichen Reisterrassen und Wildwasserfl\u00fcssen, die zwischen Reisfeldern und malerischen, \u00fcppig gr\u00fcnen Bergen rauschen. Diese Rundreise schafft auch eine sch\u00f6ne Balance zwischen kurzen Wanderungen in einer atemberaubenden Landschaft, um dabei einige der unz\u00e4hligen D\u00f6rfer ethnischer Minderheiten zu besuchen und auch einen ihrer bunten Wochenm\u00e4rkte zu erleben.<br \/>\n<a href=\"https:\/\/www.siamsun.asia\/de\/tour\/sapa-discovery-tour-vie904\/\"><strong>Hier klicken zur Tourbeschreibung<\/strong><\/a><\/span><\/p>\n<p><strong>(Tourcode #VIE904)<\/strong><\/p>\n<\/div>\n<\/div>\n<p><!--\/\/details--><\/p>\n<\/div>\n<\/article>\n<p><!--\/\/tour_item--><\/p>\n<article class=\"tour_item one-third \" data-tour-id=\"277779\">\n<div>\n<figure>\n<div class=\"promo-ribbon \">ab Hanoi<\/div>\n<p><img decoding=\"async\" loading=\"lazy\" class=\"attachment-thumbnail size-thumbnail wp-post-image\" title=\"VIE906FromNorthToSouth\" src=\"https:\/\/www.siamsun.asia\/wp-content\/uploads\/2021\/02\/VIE906i-400x300.jpg\" alt=\"\" width=\"400\" height=\"300\"><\/figure>\n<div class=\"details hide-actions hide-description hide-price \">\n<div class=\"item-header\">\n<h3><a title=\"Von Norden nach Sueden Tour #VIE906\" href=\"https:\/\/www.siamsun.asia\/de\/tour\/von-norden-nach-sueden-tour-vie906\/\">Vietnam von Nord bis S\u00fcd<\/a><\/h3>\n<p><span class=\"address\"><br \/>\nab Hanoi bis Ho Chi Minh City (Saigon) 9 Tage\/8 N\u00e4chte &#8211; Diese private Rundreise f\u00fchrt Sie von Hanoi, der Hauptstadt im Norden, nach Ho Chi Minh City (Saigon), der Metropole im S\u00fcden Vietnams. Schwerpunkt des n\u00f6rdlichen Teils sind Hanoi und die Halong-Bucht. In der Hauptstadt erleben Sie einen kulturellen Mix aus \u00f6stlichen und westlichen Einfl\u00fcssen. Auf Ihrem Abstecher mit der Dschunke inkl. \u00dcbernachtung in der Halong-Bucht werden Sie von den atemberaubenden Landschaften begeistert sein. In Zentral-Vietnam erwarten Sie in Hue und Hoi An gut erhaltene historische St\u00e4tten. Schlie\u00dflich erreichen Sie Ho Chi Minh City (Saigon), die gr\u00f6\u00dfte Stadt Vietnams, wirtschaftliches und kulturelles Zentrum des S\u00fcdens. Zu guter letzt folgt das Highlight im S\u00fcden. Entdecken Sie das Mekong-Delta, ein riesiges Labyrinth aus Fl\u00fcssen und pulsierenden schwimmenden M\u00e4rkten.<br \/>\n<a href=\"https:\/\/www.siamsun.asia\/de\/tour\/von-norden-nach-sueden-tour-vie906\/\"><strong>Hier klicken zur Tourbeschreibung<\/strong><\/a><\/span><\/p>\n<p><strong>(Tourcode #VIE906)<\/strong><\/p>\n<\/div>\n<\/div>\n<p><!--\/\/details--><\/p>\n<\/div>\n<\/article>\n<p><!--\/\/tour_item--><\/p>\n<article class=\"tour_item one-third \" data-tour-id=\"277775\">\n<div>\n<figure>\n<div class=\"promo-ribbon \">ab Saigon<\/div>\n<p><img decoding=\"async\" loading=\"lazy\" class=\"attachment-thumbnail size-thumbnail wp-post-image\" title=\"VIE905Saigon&amp;MekongDelta\" src=\"https:\/\/www.siamsun.asia\/wp-content\/uploads\/2021\/02\/VIE905SaigonMekongDelta-400x300.jpg\" alt=\"\" width=\"400\" height=\"300\"><\/figure>\n<div class=\"details hide-actions hide-description hide-price \">\n<div class=\"item-header\">\n<h3><a title=\"Saigon &amp; Mekong Delta Tour #VIE905\" href=\"https:\/\/www.siamsun.asia\/de\/tour\/saigon-mekong-delta-tour-vie905\/\">Saigon und das Mekong Delta <\/a><\/h3>\n<p><span class=\"address\"><br \/>\nab\/bis Ho Chi Minh City (Saigon) 5 Tage\/4 N\u00e4chte &#8211; Ein privates Tour Package f\u00fcr Leute, die etwas weniger Zeit haben, aber dennoch ein paar Eindr\u00fccke aus dem S\u00fcden Vietnams gewinnen m\u00f6chten. Ausgangspunkt f\u00fcr diese Reise ist Ho Chi Minh City (Saigon), bekannt als Stadt die niemals schl\u00e4ft. Genie\u00dfen Sie Geschichte, Kultur, franz\u00f6sische Kolonialarchitektur, sch\u00f6ne Tempel, gro\u00dfe Boulevards und ein Raster von engen Gassen, Nach Einbruch der Dunkelheit k\u00f6ennen Sie sich durch k\u00f6stliches Street Food essen. Ihr Highlight ist aber ohne Zweifel das Mekong-Delta, auch Reissch\u00fcssel Vietnams genannt. Fahren Sie entlang der von Mangroven ges\u00e4umten Flussstra\u00dfen, radeln durch Kokosnusshaine in riesigen Labyrinths von Fl\u00fcssen, S\u00fcmpfen, Inseln und Reisfeldern, kombiniert mit einem Besuch eines bunten, gesch\u00e4ftigen schwimmenden Markt.<br \/>\n<a href=\"https:\/\/www.siamsun.asia\/de\/tour\/saigon-mekong-delta-tour-vie905\/\"><strong>Hier klicken zur Tourbeschreibung<\/strong><\/a><\/span><\/p>\n<p><strong>(Tourcode #VIE905)<\/strong><\/p>\n<\/div>\n<\/div>\n<p><!--\/\/details--><\/p>\n<\/div>\n<\/article>\n<p><!--\/\/tour_item--><\/p>\n<article class=\"tour_item one-third \" data-tour-id=\"277777\">\n<div>\n<figure>\n<div class=\"promo-ribbon \">ab Hue<\/div>\n<p><img decoding=\"async\" loading=\"lazy\" class=\"attachment-thumbnail size-thumbnail wp-post-image\" title=\"VIE907HistoricCentralVietnam\" src=\"https:\/\/www.siamsun.asia\/wp-content\/uploads\/2021\/02\/vie907k-400x300.jpg\" alt=\"\" width=\"400\" height=\"300\"><\/figure>\n<div class=\"details hide-actions hide-description hide-price \">\n<div class=\"item-header\">\n<h3><a title=\"Historisches Zentral-Vietnam Tour #VIE907\" href=\"https:\/\/www.siamsun.asia\/de\/tour\/historisches-zentral-vietnam-tour-vie907\/\">Historisches Zentral-Vietnam<\/a><\/h3>\n<p><span class=\"address\"><br \/>\nab Hue\/bis Danang 4 Tage\/3 Naechte &#8211; Dieses gefuehrte private Rundreise legt den Fokus auf Zentral-Vietnam, das f\u00fcr seine gut erhaltenen historischen St\u00e4tten, l\u00e4chelnden Menschen und seine beruhigende nat\u00fcrliche Sch\u00f6nheit bekannt ist. Ihr Ausgangspunkt f\u00fcr diese Entdeckertour ist Hue. Hier lernen Sie die Nguyen-Dynastie kennen, wo Sie einige k\u00f6nigliche Zitadellen, Gr\u00e4ber und Tempel entlang des Parf\u00fcmflusses besuchen werden. Sie reisen weiter und etwas weiter s\u00fcdlich schlendern Sie durch die kleinen Gassen der Altstadt von Hoi An, welche mit bunten Laternen geschm\u00fcckt sind und in denen antike gut erhaltene H\u00e4user wie noch vor Jahrhunderten erscheinen. Dazwischen haben Sie das moderne Danang, der gr\u00f6ssten Stadt von Zetral-Vietnam, welche mit dem Versprechen von bereichernden Erlebnissen und sonnenverw\u00f6hnten Tagen am Strand locken wird.<br \/>\n<a href=\"https:\/\/www.siamsun.asia\/de\/tour\/historisches-zentral-vietnam-tour-vie907\/\"><strong>Hier klicken zur Tourbeschreibung<\/strong><\/a><\/span><\/p>\n<p><strong>(Tourcode #VIE907)<\/strong><\/p>\n<\/div>\n<\/div>\n<\/div>\n<\/article>\n<\/div>\n<\/div>\n","protected":false},"excerpt":{"rendered":"<p>ab Hanoi Hanoi und die Halong Bucht ab\/bis Hanoi 5 Tage\/4 N\u00e4chte &#8211; Dies ist ein Tour Package mit dem Schwerpunkt auf der vietnamesischen Hauptstadt Hanoi, sowie der malerischen Halong-Bucht. Auf Ihrer Entdeckertour im Stadtzentrum k\u00f6nnen Sie u. a. sehr gut erhaltene Kolonialgeb\u00e4ude, alte Pagoden und einzigartigen Museen sehen. Hanoi ist auch ideal um vieles [&hellip;]<\/p>\n","protected":false},"author":1,"featured_media":279226,"parent":0,"menu_order":0,"comment_status":"closed","ping_status":"closed","template":"","meta":[],"_links":{"self":[{"href":"https:\/\/www.siamsun.asia\/de\/wp-json\/wp\/v2\/pages\/278404"}],"collection":[{"href":"https:\/\/www.siamsun.asia\/de\/wp-json\/wp\/v2\/pages"}],"about":[{"href":"https:\/\/www.siamsun.asia\/de\/wp-json\/wp\/v2\/types\/page"}],"author":[{"embeddable":true,"href":"https:\/\/www.siamsun.asia\/de\/wp-json\/wp\/v2\/users\/1"}],"replies":[{"embeddable":true,"href":"https:\/\/www.siamsun.asia\/de\/wp-json\/wp\/v2\/comments?post=278404"}],"version-history":[{"count":0,"href":"https:\/\/www.siamsun.asia\/de\/wp-json\/wp\/v2\/pages\/278404\/revisions"}],"wp:featuredmedia":[{"embeddable":true,"href":"https:\/\/www.siamsun.asia\/de\/wp-json\/wp\/v2\/media\/279226"}],"wp:attachment":[{"href":"https:\/\/www.siamsun.asia\/de\/wp-json\/wp\/v2\/media?parent=278404"}],"curies":[{"name":"wp","href":"https:\/\/api.w.org\/{rel}","templated":true}]}}