{"id":281282,"date":"2022-08-19T07:04:39","date_gmt":"2022-08-19T07:04:39","guid":{"rendered":"https:\/\/www.siamsun.asia\/?page_id=281282"},"modified":"2022-08-19T08:24:40","modified_gmt":"2022-08-19T08:24:40","slug":"impressum","status":"publish","type":"page","link":"https:\/\/www.siamsun.asia\/de\/impressum\/","title":{"rendered":"Impressum"},"content":{"rendered":"<h2>Angaben gem\u00e4\u00df \u00a7 5 TMG<\/h2>\n<p>Siam Sun Tours Ltd. Part.<br \/>\n1\/2 Moonmuang Rd. Soi 8<br \/>\nMuang Chiang Mai 50200<\/p>\n<h2>Kontakt<\/h2>\n<p>Telefon: +66 818827426<br \/>\nE-Mail: travel@siamsun.asia<\/p>\n<h2>Aufsichtsbeh\u00f6rde<\/h2>\n<p>Siam Sun Tours Ltd. ist ein bei der der thail\u00e4ndischen Tourismusbeh\u00f6rde (TAT) eingetragener Reiseveranstalter mit der Lizenz Nr. 21\/00517<\/p>\n<h2>Verbraucher\u00adstreit\u00adbeilegung\/Universal\u00adschlichtungs\u00adstelle<\/h2>\n<p>Wir sind nicht bereit oder verpflichtet, an Streitbeilegungsverfahren vor einer Verbraucherschlichtungsstelle teilzunehmen.<\/p>\n<p>Quelle: <a href=\"https:\/\/www.e-recht24.de\" rel=\"nofollow noopener\" target=\"_blank\">eRecht24<\/a><\/p>\n","protected":false},"excerpt":{"rendered":"<p>Angaben gem\u00e4\u00df \u00a7 5 TMG Siam Sun Tours Ltd. Part. 1\/2 Moonmuang Rd. Soi 8 Muang Chiang Mai 50200 Kontakt Telefon: +66 818827426 E-Mail: travel@siamsun.asia Aufsichtsbeh\u00f6rde Siam Sun Tours Ltd. ist ein bei der der thail\u00e4ndischen Tourismusbeh\u00f6rde (TAT) eingetragener Reiseveranstalter mit der Lizenz Nr. 21\/00517 Verbraucher\u00adstreit\u00adbeilegung\/Universal\u00adschlichtungs\u00adstelle Wir sind nicht bereit oder verpflichtet, an Streitbeilegungsverfahren vor [&hellip;]<\/p>\n","protected":false},"author":894,"featured_media":0,"parent":0,"menu_order":0,"comment_status":"closed","ping_status":"closed","template":"","meta":[],"_links":{"self":[{"href":"https:\/\/www.siamsun.asia\/de\/wp-json\/wp\/v2\/pages\/281282"}],"collection":[{"href":"https:\/\/www.siamsun.asia\/de\/wp-json\/wp\/v2\/pages"}],"about":[{"href":"https:\/\/www.siamsun.asia\/de\/wp-json\/wp\/v2\/types\/page"}],"author":[{"embeddable":true,"href":"https:\/\/www.siamsun.asia\/de\/wp-json\/wp\/v2\/users\/894"}],"replies":[{"embeddable":true,"href":"https:\/\/www.siamsun.asia\/de\/wp-json\/wp\/v2\/comments?post=281282"}],"version-history":[{"count":0,"href":"https:\/\/www.siamsun.asia\/de\/wp-json\/wp\/v2\/pages\/281282\/revisions"}],"wp:attachment":[{"href":"https:\/\/www.siamsun.asia\/de\/wp-json\/wp\/v2\/media?parent=281282"}],"curies":[{"name":"wp","href":"https:\/\/api.w.org\/{rel}","templated":true}]}}